{"id":100,"date":"2017-06-27T11:17:13","date_gmt":"2017-06-27T11:17:13","guid":{"rendered":"https:\/\/primaria-vaideeni.ro\/VAIDEENI\/?page_id=100"},"modified":"2017-06-28T10:07:02","modified_gmt":"2017-06-28T10:07:02","slug":"lista-proiecte","status":"publish","type":"page","link":"https:\/\/primaria-vaideeni.ro\/VAIDEENI\/primarie\/informatii-de-interes-public\/lista-proiecte\/","title":{"rendered":"LISTA PROIECTE"},"content":{"rendered":"<table style=\"background-color: #f7f0d0;\" border=\"1\" cellspacing=\"0\" cellpadding=\"0\">\n<tbody>\n<tr style=\"background-color: #0e43ad;\">\n<td>\n<p style=\"text-align: center;\"><span style=\"color: #ffffff;\"><strong>Nr. Crt<\/strong><\/span><\/p>\n<\/td>\n<td style=\"text-align: center;\"><span style=\"color: #ffffff;\"><strong>Titlul proiectului<\/strong><\/span><\/td>\n<td style=\"width: 80px; text-align: center;\"><span style=\"color: #ffffff;\"><strong>Obiective<\/strong><\/span><\/td>\n<td style=\"text-align: center;\"><span style=\"color: #ffffff;\"><strong>Tip investitie<\/strong><\/span><\/td>\n<td style=\"text-align: center;\"><span style=\"color: #ffffff;\"><strong>Cheltuieli eligibile<\/strong><\/span><\/td>\n<td style=\"text-align: center;\"><span style=\"color: #ffffff;\"><strong>Cost proiect<\/strong><\/span><\/td>\n<td style=\"text-align: center;\"><span style=\"color: #ffffff;\"><strong>Stadiu proiect<\/strong><\/span><\/td>\n<td>\n<p style=\"text-align: center;\"><span style=\"color: #ffffff;\"><strong>Per. derulare proiect<\/strong><\/span><\/p>\n<\/td>\n<\/tr>\n<tr style=\"background-color: #1bb4de;\">\n<td><\/td>\n<td colspan=\"6\"><span style=\"color: #ffffff;\"><strong>FINALIZATE<\/strong><\/span><\/td>\n<td><\/td>\n<\/tr>\n<tr style=\"background-color: #5adae6;\">\n<td><\/td>\n<td colspan=\"6\"><span style=\"color: #ffffff;\"><strong>SAPARD<\/strong><\/span><\/td>\n<td><\/td>\n<\/tr>\n<tr>\n<td><strong>1.<\/strong><\/td>\n<td>\n<p>Infiintare sistem de canalizare in comuna Vaideeni<\/p>\n<p>&nbsp;<\/p>\n<p>&nbsp;<\/p>\n<p>&nbsp;<\/td>\n<td>Realizarea unei retele de canalizare si a unei statii de epurare care sa asigure preluarea, colectarea si tratarea apelor uzate provenite de la institutiile publice, agenti economici si gospodarii particulare.<\/td>\n<td>Investitie noua<\/td>\n<td>\n<p>-Amenajarea terenului<\/p>\n<p>&#8211; Realizarea infrastructurii obiectivului (retea de record, utilitati exterioare incintei)<\/p>\n<p>-Proiectare si asistenta tehnica<\/p>\n<p>&#8211; Iinvestitia de baza<\/p>\n<p>-Organizare de santier<\/p>\n<p>-Probe tehnologice, incercari, rodaje, expertize la receptie<\/p>\n<p>-Cheltuieli diverse si neprevazute(5% din SE)<\/td>\n<td>994.000 euro<\/td>\n<td>Proiect finalizat<\/td>\n<td>2004<\/td>\n<\/tr>\n<tr style=\"background-color: #5adae6;\">\n<td><\/td>\n<td colspan=\"6\"><strong>P.N.D.R. 313<\/strong><\/td>\n<td><\/td>\n<\/tr>\n<tr>\n<td><strong>2.<\/strong><\/td>\n<td>Amenajare de marcaje trasee turistice, refugii turistice de utilitate publica, infiintarea si amenajarea de trasee tematice<\/td>\n<td>Infiintarea de marcaje turistice, panouri informative, infiintarea a doua refugii turistice ; infiintarea si amenajarea de trasee tematice; Editarea de pliante turistice, ghiduri turistice, site pe internet, etc; Dezvoltarea sistemelor de informare si promovare turistica<\/td>\n<td>Investitie noua<\/td>\n<td>\n<p>-Studii de teren<\/p>\n<p>-Proiectare\u00a0 si inginerie<\/p>\n<p>-Consultanta si instalatii<\/p>\n<p>-Asistenta tehnica<\/p>\n<p>-Constructii si instalatii<\/p>\n<p>-Dotarii<\/p>\n<p>&#8211; Cheltuieli diverse si neprevazute (2%)<\/td>\n<td>161.234 euro valoare eligibila<\/td>\n<td>Proiect finalizat<\/td>\n<td>2010-2013<\/td>\n<\/tr>\n<tr style=\"background-color: #5adae6;\">\n<td><\/td>\n<td colspan=\"6\"><strong>P.N.D.R. 413.322<\/strong><\/td>\n<td><\/td>\n<\/tr>\n<tr>\n<td><strong>3.<\/strong><\/td>\n<td>Achizitionarea de utilaj si echipamente pentru serviciul public,comuna Vaideeni, judetul Valcea<\/td>\n<td>Achizitionarea de utilaj si echipamente pentru serviciul public, comuna Vaideeni, judetul Valcea<\/td>\n<td>Investitie noua<\/td>\n<td>&#8211; achizitionarea unui buldoexcavator pentru serviciul de situatii de urgenta din cadrul Comunei Vaideeni, judetul Valcea<\/td>\n<td>74.605 euro valoare eligibil<\/td>\n<td>Proiect finalizat<\/td>\n<td>2014-2015<\/td>\n<\/tr>\n<tr style=\"background-color: #1bb4de;\">\n<td><\/td>\n<td colspan=\"6\"><strong>Reforma educa\u0163iei timpurii \u00een Rom\u00e2nia<\/strong><\/td>\n<td><\/td>\n<\/tr>\n<tr>\n<td><strong>4.<\/strong><\/td>\n<td>Construire gr\u0103dini\u0163\u0103 cu program normal, cu dou\u0103 s\u0103li<\/td>\n<td><\/td>\n<td><\/td>\n<td><\/td>\n<td><\/td>\n<td>Proiect finalizat<\/td>\n<td>2015<\/td>\n<\/tr>\n<tr style=\"background-color: #1bb4de;\">\n<td><\/td>\n<td colspan=\"6\">\n<p class=\"rtecenter\" style=\"text-align: center;\"><strong>IN\u00a0 IMPLEMENTARE<\/strong><\/p>\n<\/td>\n<td><\/td>\n<\/tr>\n<tr style=\"background-color: #5adae6;\">\n<td><\/td>\n<td colspan=\"6\"><strong>P.N.D.L.<\/strong><\/td>\n<td><\/td>\n<\/tr>\n<tr>\n<td><strong>1.<\/strong><\/td>\n<td>Modernizare drumuri de interes local, comuna Vaideeni, judetul Valcea<\/td>\n<td>Reabilitare\/ modernizare a drumurilor publice clasificate si incadrate in conformitate cu prevederile legale in vigoare ca drumuri de interes local, respectiv drumuri comunale si\/ sau drumuri publice din interiorul localitatilor<\/td>\n<td>Investitie noua<\/td>\n<td>\n<p>a) Aducerea structurii rutiere la parametrii tehnici corespunzatori categoriei drumului;<\/p>\n<p>b) corectia si imbunatatirea elementelor geometrice ale drumurilor de interes local;<\/p>\n<p>c) amenajarea acostamentelor;<\/p>\n<p>d) amenajarea I\u00a0\u00a0\u00a0\u00a0\u00a0\u00a0\u00a0\u00a0\u00a0\u00a0 ntersectiillor cu alte drumuri laterale;<\/p>\n<p>e) executia de sisteme colectoare si de dirijare a apelor pluviale;<\/p>\n<p>f) refacerea si constructia de podete si poduri, ziduri de sprijin, consolidari de taluzuri<\/td>\n<td>6.771.281 lei cf. contract 3431\/ 09.04.2014<\/td>\n<td>\n<p>Proiect in<\/p>\n<p>implementare<\/td>\n<td>2012-2020<\/td>\n<\/tr>\n<tr>\n<td><strong>2.<\/strong><\/td>\n<td>Reabilitare retea de distributie apa potabila in satele Vaideeni si Izvorul Rece, comuna Vaideeni, judetul Valcea<\/td>\n<td>Realizare\/ extindere\/ reabilitare\/ modernizare a sistemelor de alimentare cu apa<\/td>\n<td>Investitie noua<\/td>\n<td>Lucrari pentru extinderea,\u00a0 reabilitarea\/ modernizarea componentelor sistemelor centralizate de alimentare cu apa existente<\/td>\n<td>\n<p>10.156.294 lei cf. contract 6186\/ 14.07.2014<\/p>\n<p>&nbsp;<\/td>\n<td>\n<p>Proiect in<\/p>\n<p>implementare<\/td>\n<td>2012-2020<\/td>\n<\/tr>\n<tr>\n<td><strong>3.<\/strong><\/td>\n<td>Extindere re\u0163ea canalizare menajer\u0103 Vaideeni &#8211; tronson amplasament \u00cenv\u00e2rtita Dorului &#8211; Sta\u0163ia de epurare Vaideeni<\/td>\n<td>Realizare\/extindere\/reabilitare\/modernizare a sistemelor de canalizare \u015fi sta\u0163ii de epurare a apelor uzate<\/td>\n<td>Investitie noua<\/td>\n<td>Lucrari pentru extinderea,\u00a0 reabilitarea\/ modernizarea componentelor sistemelor centralizate de alimentare cu apa<\/td>\n<td>550.880 lei cf. contract 4969\/ 07.05.2015<\/td>\n<td>\n<p>Proiect in<\/p>\n<p>implementare<\/td>\n<td>2014-2015<\/td>\n<\/tr>\n<tr style=\"background-color: #5adae6;\">\n<td><\/td>\n<td colspan=\"6\"><strong>P.N.D.R. 125b<\/strong><\/td>\n<td><\/td>\n<\/tr>\n<tr>\n<td><strong>4.<\/strong><\/td>\n<td>Imbunatatirea infrastructurii drumurilor forestiere din comuna Vaideeni, judetul Valcea<\/td>\n<td>Adaptarea infrastructurii agricole \u015fi forestiere la noile structuri de proprietate ap\u0103rute ca urmare a procesului de restituire a propriet\u0103\u0163ilor \u00een vederea cre\u015fterii competitivit\u0103\u0163ii sectorului agricol \u015fi forestier<\/td>\n<td>Investitie noua<\/td>\n<td>\n<p>-Amenajarea terenului<\/p>\n<p>-Proiectare si asistenta tehnica<\/p>\n<p>&#8211; Iinvestitia de baza<\/p>\n<p>-Organizare de santier<\/p>\n<p>-Comisioane \u015fi taxe<\/p>\n<p>-Cheltuieli diverse si neprevazute<\/td>\n<td>1.436.981 euro valoare eligibila<\/td>\n<td>\n<p>Proiect in<\/p>\n<p>implementare<\/td>\n<td>2012-2015<\/td>\n<\/tr>\n<tr style=\"background-color: #5adae6;\">\n<td><\/td>\n<td colspan=\"6\"><strong>P.N.D.R. 322d<\/strong><\/td>\n<td><\/td>\n<\/tr>\n<tr>\n<td><strong>5.<\/strong><\/td>\n<td>Refacere \u015fi modernizare D.C. 157 \u015fi pode\u0163e aferente afectate de inunda\u0163iile din anul 2010, sat Izvoru Rece, comuna Vaideeni, jude\u0163ul V\u00e2lcea<\/td>\n<td>\n<p>Refacere pe o lungime de cca 2 km a drumului local 157, deteriorat\u00a0 \u00een urma unor calamit\u0103\u0163i;<\/p>\n<p>Refacere 3 pode\u0163e afectate de calamit\u0103\u0163ile din anul 2010<\/td>\n<td>Investitie noua<\/td>\n<td>\n<p>-Amenajarea terenului<\/p>\n<p>-Proiectare si asistenta tehnica<\/p>\n<p>&#8211; Iinvestitia de baza<\/p>\n<p>-Organizare de santier<\/p>\n<p>-Comisioane \u015fi taxe<\/p>\n<p>-Cheltuieli diverse si neprevazute<\/td>\n<td>375.888 euro valoare eligibila<\/td>\n<td>Proiect in implementare<\/td>\n<td>2012-2015<\/td>\n<\/tr>\n<tr style=\"background-color: #5adae6;\">\n<td><\/td>\n<td colspan=\"6\"><strong>P.N.D.R. 413.313<\/strong><\/td>\n<td><\/td>\n<\/tr>\n<tr>\n<td><strong>6.<\/strong><\/td>\n<td>\u00cenfiin\u0163are centru local de informare turistic\u0103, sat Vaideeni,comuna Vaideeni<\/td>\n<td>\n<p>Crearea si mentinerea locurilor de munca prin activitati de turism, in special pentru tineri si femei.Cresterea valorii adaugate in activitati de turism.<\/p>\n<p>Crearea, imbunatatirea si diversificarea infrastructurii si serviciilor turistice.Cresterea numarului de turisti si a duratei vizitelor.<\/td>\n<td>Investitie noua<\/td>\n<td>\n<p>-Studii de teren<\/p>\n<p>-Proiectare\u00a0 si inginerie<\/p>\n<p>-Consultanta si instalatii<\/p>\n<p>-Constructii si instalatii<\/p>\n<p>-Dotari<\/p>\n<p>&nbsp;<\/td>\n<td>112.893 euro valoare eligibila<\/td>\n<td>Proiect in implementare<\/td>\n<td>2014-2015<\/td>\n<\/tr>\n<tr style=\"background-color: #5adae6;\">\n<td><\/td>\n<td colspan=\"6\"><strong>P.N.D.R. 413.322<\/strong><\/td>\n<td><\/td>\n<\/tr>\n<tr>\n<td><strong>7.<\/strong><\/td>\n<td>Extinderea \u015fi renovarea cl\u0103dirii Prim\u0103riei Vaideeni<\/td>\n<td>\u00cembunatatirea accesului la serviciile publice de baza petru populatia rurala.Prin renovarea cladirii seva reorganiza fluxul de servicii pentru populatie reusind astfel asigurarea unor servicii publice de baza pentru populatie care se vor desfasura in conditii de calitate.<\/td>\n<td>Investitie noua<\/td>\n<td>\n<p>-Studii de teren<\/p>\n<p>-Proiectare\u00a0 si inginerie<\/p>\n<p>-Consultanta si instalatii<\/p>\n<p>-Constructii si instalatii<\/p>\n<p>-Dotari<\/p>\n<p>&nbsp;<\/td>\n<td>154.773 euro valoare eligibila<\/td>\n<td>Proiect in implementare<\/td>\n<td>2014-2015<\/td>\n<\/tr>\n<tr>\n<td><strong>8.<\/strong><\/td>\n<td>Revitalizarea vie\u0163ii artistice \u015fi culturale \u00een comuna Vaideeni, jude\u0163ul V\u00e2lcea prin achizi\u0163ionarea infrastructurii de spectacole \u00een aer liber<\/td>\n<td>Asigurarea unei infrastructuri de spectacol adecvate fondului folcloric din Comuna Vaideeni, , contribuind la mentinerea evenimentelor culturale existente, revitalizarea celor ce nu pot fi organizate anual si dezvoltarea de noi manifestari.<\/td>\n<td>Investitie noua<\/td>\n<td>&#8211; achizi\u0163ionarea unei infrastructuri de spectacol \u00een aer liber, compus\u0103 din scen\u0103 demontabil\u0103 cu acoperi\u015f, instala\u0163ie de sonorizare, instala\u0163ie de lumini, generator electric \u015fi scaune mobile (module de 6 locuri)<\/td>\n<td>56.888 euro valoare eligibila<\/td>\n<td>Proiect in implementare<\/td>\n<td>2015<\/td>\n<\/tr>\n<tr style=\"background-color: #1bb4de;\">\n<td><\/td>\n<td colspan=\"6\"><strong>Programul National de Reabilitare, Modernizare si Dotare Asezaminte Culturale &#8211;<\/strong><strong> C.N.I.<\/strong><\/td>\n<td><\/td>\n<\/tr>\n<tr>\n<td><strong>9.<\/strong><\/td>\n<td>Reabilitare, modernizare \u015fi dotare C\u0103min Cultural Izvorul Rece<\/td>\n<td><\/td>\n<td>Investitie noua<\/td>\n<td>Modernizare si dotare camin cultural Izvorul Rece<\/td>\n<td>297.460 euro<\/td>\n<td>Proiect in implementare<\/td>\n<td>2014-2020<\/td>\n<\/tr>\n<tr style=\"background-color: #1bb4de;\">\n<td><\/td>\n<td colspan=\"6\"><strong>POS Mediu 2.1. &#8211; <\/strong><strong>\u00a0Parteneriat cu CJ Valcea<\/strong><\/td>\n<td><\/td>\n<\/tr>\n<tr>\n<td><strong>10.<\/strong><\/td>\n<td>Sistem de management integrat al de\u015feurilor solide \u00een jude\u0163ul V\u00e2lcea<\/td>\n<td><\/td>\n<td>Investitie noua<\/td>\n<td><\/td>\n<td><\/td>\n<td>Proiect in implementare<\/td>\n<td><\/td>\n<\/tr>\n<tr style=\"background-color: #1bb4de;\">\n<td><\/td>\n<td colspan=\"6\"><strong>POSCCE\u00a0 3.2.1 apel 3 &#8211; Parteneriat cu CJ Valcea<\/strong><\/td>\n<td><\/td>\n<\/tr>\n<tr>\n<td><strong>11.<\/strong><\/td>\n<td>Dezvoltarea serviciilor publice prin implementarea de solu\u0163ii e-guvernare \u00een jude\u0163ul V\u00e2lcea \u2013 grupa 4<\/td>\n<td><\/td>\n<td>Investitie noua<\/td>\n<td><\/td>\n<td><\/td>\n<td>Proiect in implementare<\/td>\n<td><\/td>\n<\/tr>\n<\/tbody>\n<\/table>\n<p>&nbsp;<\/p>\n","protected":false},"excerpt":{"rendered":"<p>Nr. Crt Titlul proiectului Obiective Tip investitie Cheltuieli eligibile Cost proiect Stadiu proiect Per. derulare proiect FINALIZATE SAPARD 1. Infiintare sistem de canalizare in comuna Vaideeni &nbsp; &nbsp; &nbsp; Realizarea unei retele de canalizare si a unei statii de epurare care sa asigure preluarea, colectarea si tratarea apelor uzate provenite de la institutiile publice, agenti &hellip; <\/p>\n<p class=\"link-more\"><a href=\"https:\/\/primaria-vaideeni.ro\/VAIDEENI\/primarie\/informatii-de-interes-public\/lista-proiecte\/\" class=\"more-link\">Continue reading<span class=\"screen-reader-text\"> &#8220;LISTA PROIECTE&#8221;<\/span><\/a><\/p>\n","protected":false},"author":1,"featured_media":0,"parent":89,"menu_order":0,"comment_status":"closed","ping_status":"closed","template":"","meta":{"footnotes":""},"class_list":["post-100","page","type-page","status-publish","hentry"],"_links":{"self":[{"href":"https:\/\/primaria-vaideeni.ro\/VAIDEENI\/wp-json\/wp\/v2\/pages\/100","targetHints":{"allow":["GET"]}}],"collection":[{"href":"https:\/\/primaria-vaideeni.ro\/VAIDEENI\/wp-json\/wp\/v2\/pages"}],"about":[{"href":"https:\/\/primaria-vaideeni.ro\/VAIDEENI\/wp-json\/wp\/v2\/types\/page"}],"author":[{"embeddable":true,"href":"https:\/\/primaria-vaideeni.ro\/VAIDEENI\/wp-json\/wp\/v2\/users\/1"}],"replies":[{"embeddable":true,"href":"https:\/\/primaria-vaideeni.ro\/VAIDEENI\/wp-json\/wp\/v2\/comments?post=100"}],"version-history":[{"count":5,"href":"https:\/\/primaria-vaideeni.ro\/VAIDEENI\/wp-json\/wp\/v2\/pages\/100\/revisions"}],"predecessor-version":[{"id":245,"href":"https:\/\/primaria-vaideeni.ro\/VAIDEENI\/wp-json\/wp\/v2\/pages\/100\/revisions\/245"}],"up":[{"embeddable":true,"href":"https:\/\/primaria-vaideeni.ro\/VAIDEENI\/wp-json\/wp\/v2\/pages\/89"}],"wp:attachment":[{"href":"https:\/\/primaria-vaideeni.ro\/VAIDEENI\/wp-json\/wp\/v2\/media?parent=100"}],"curies":[{"name":"wp","href":"https:\/\/api.w.org\/{rel}","templated":true}]}}