{"id":110,"date":"2017-06-27T11:22:32","date_gmt":"2017-06-27T11:22:32","guid":{"rendered":"https:\/\/primaria-vaideeni.ro\/VAIDEENI\/?page_id=110"},"modified":"2025-07-17T07:37:04","modified_gmt":"2025-07-17T07:37:04","slug":"componenta","status":"publish","type":"page","link":"https:\/\/primaria-vaideeni.ro\/VAIDEENI\/consiliu-local\/componenta\/","title":{"rendered":"COMPONENTA 2024-2028"},"content":{"rendered":"<table style=\"width: 673px;\" border=\"1\">\n<thead>\n<tr>\n<th style=\"width: 82px;\" scope=\"col\"><strong>Nr. Crt.<\/strong><\/th>\n<th style=\"width: 247px;\" scope=\"col\"><strong>Nume si prenume<\/strong><\/th>\n<th style=\"width: 344px;\" scope=\"col\"><strong>Partidul sau forma\u0163iunea politic\u0103<\/strong><\/th>\n<\/tr>\n<\/thead>\n<tbody>\n<tr>\n<td style=\"width: 82px;\">1<\/td>\n<td style=\"width: 247px;\" width=\"233\"><strong>ANDREESCU MARIA &#8211; MAGDALENA<\/strong><\/td>\n<td style=\"width: 344px;\">PSD<\/td>\n<\/tr>\n<tr>\n<td style=\"width: 82px;\">2<\/td>\n<td style=\"width: 247px;\" width=\"233\"><strong>B\u0102DI\u0162\u0102 CONSTANTIN- COSMIN<\/strong><\/td>\n<td style=\"width: 344px;\">PSD<\/td>\n<\/tr>\n<tr>\n<td style=\"width: 82px;\">3<\/td>\n<td style=\"width: 247px;\" width=\"233\"><strong>B\u0102NCESCU MIH\u0102I\u021a\u0102<\/strong><\/td>\n<td style=\"width: 344px;\">PSD<\/td>\n<\/tr>\n<tr>\n<td style=\"width: 82px;\">4<\/td>\n<td style=\"width: 247px;\" width=\"233\"><strong>B\u0102NCESCU SANDU-CONSTANTIN<\/strong><\/td>\n<td style=\"width: 344px;\">PNL<\/td>\n<\/tr>\n<tr>\n<td style=\"width: 82px;\">5<\/td>\n<td style=\"width: 247px;\" width=\"233\"><strong>BOANG\u0102R MARIUS<\/strong><\/td>\n<td style=\"width: 344px;\">PER<\/td>\n<\/tr>\n<tr>\n<td style=\"width: 82px;\">6<\/td>\n<td style=\"width: 247px;\" width=\"233\"><strong>BO\u0162OCAN IRINA-MARIA<\/strong><\/td>\n<td style=\"width: 344px;\">PSD<\/td>\n<\/tr>\n<tr>\n<td style=\"width: 82px;\">7<\/td>\n<td style=\"width: 247px;\" width=\"233\"><strong>CIORANU DANIEL<\/strong><\/td>\n<td style=\"width: 344px;\">PNL<\/td>\n<\/tr>\n<tr>\n<td style=\"width: 82px;\">8<\/td>\n<td style=\"width: 247px;\" width=\"233\"><strong>CIUC\u0102 ION-BOGDAN<\/strong><\/td>\n<td style=\"width: 344px;\">PSD<\/td>\n<\/tr>\n<tr>\n<td style=\"width: 82px;\">9<\/td>\n<td style=\"width: 247px;\" width=\"233\"><strong>ICHIM VASILE CORNEL<\/strong><\/td>\n<td style=\"width: 344px;\">PSD<\/td>\n<\/tr>\n<tr>\n<td style=\"width: 82px;\">10<\/td>\n<td style=\"width: 247px;\" width=\"233\"><strong>MARIAN GHEORGHE &#8211; ALIN<\/strong><\/td>\n<td style=\"width: 344px;\">PSD<\/td>\n<\/tr>\n<tr>\n<td style=\"width: 82px;\">11<\/td>\n<td style=\"width: 247px;\" width=\"233\"><strong>P\u0102TROI ADINA<\/strong><\/td>\n<td style=\"width: 344px;\">AUR<\/td>\n<\/tr>\n<tr>\n<td style=\"width: 82px;\">12<\/td>\n<td style=\"width: 247px;\" width=\"233\"><strong>TITEL GHEORGHI\u021a\u0102<\/strong><\/td>\n<td style=\"width: 344px;\">PER<\/td>\n<\/tr>\n<tr>\n<td style=\"width: 82px;\">13<\/td>\n<td style=\"width: 247px;\" width=\"233\"><strong>VINEREANU ADRIAN<\/strong><\/td>\n<td style=\"width: 344px;\">PSD<\/td>\n<\/tr>\n<\/tbody>\n<\/table>\n<p><\/p>\n","protected":false},"excerpt":{"rendered":"<p>Nr. Crt. Nume si prenume Partidul sau forma\u0163iunea politic\u0103 1 ANDREESCU MARIA &#8211; MAGDALENA PSD 2 B\u0102DI\u0162\u0102 CONSTANTIN- COSMIN PSD 3 B\u0102NCESCU MIH\u0102I\u021a\u0102 PSD 4 B\u0102NCESCU SANDU-CONSTANTIN PNL 5 BOANG\u0102R MARIUS PER 6 BO\u0162OCAN IRINA-MARIA PSD 7 CIORANU DANIEL PNL 8 CIUC\u0102 ION-BOGDAN PSD 9 ICHIM VASILE CORNEL PSD 10 MARIAN GHEORGHE &#8211; ALIN PSD &hellip; <\/p>\n<p class=\"link-more\"><a href=\"https:\/\/primaria-vaideeni.ro\/VAIDEENI\/consiliu-local\/componenta\/\" class=\"more-link\">Continue reading<span class=\"screen-reader-text\"> &#8220;COMPONENTA 2024-2028&#8221;<\/span><\/a><\/p>\n","protected":false},"author":1,"featured_media":0,"parent":22,"menu_order":0,"comment_status":"closed","ping_status":"closed","template":"","meta":{"footnotes":""},"class_list":["post-110","page","type-page","status-publish","hentry"],"_links":{"self":[{"href":"https:\/\/primaria-vaideeni.ro\/VAIDEENI\/wp-json\/wp\/v2\/pages\/110","targetHints":{"allow":["GET"]}}],"collection":[{"href":"https:\/\/primaria-vaideeni.ro\/VAIDEENI\/wp-json\/wp\/v2\/pages"}],"about":[{"href":"https:\/\/primaria-vaideeni.ro\/VAIDEENI\/wp-json\/wp\/v2\/types\/page"}],"author":[{"embeddable":true,"href":"https:\/\/primaria-vaideeni.ro\/VAIDEENI\/wp-json\/wp\/v2\/users\/1"}],"replies":[{"embeddable":true,"href":"https:\/\/primaria-vaideeni.ro\/VAIDEENI\/wp-json\/wp\/v2\/comments?post=110"}],"version-history":[{"count":5,"href":"https:\/\/primaria-vaideeni.ro\/VAIDEENI\/wp-json\/wp\/v2\/pages\/110\/revisions"}],"predecessor-version":[{"id":3814,"href":"https:\/\/primaria-vaideeni.ro\/VAIDEENI\/wp-json\/wp\/v2\/pages\/110\/revisions\/3814"}],"up":[{"embeddable":true,"href":"https:\/\/primaria-vaideeni.ro\/VAIDEENI\/wp-json\/wp\/v2\/pages\/22"}],"wp:attachment":[{"href":"https:\/\/primaria-vaideeni.ro\/VAIDEENI\/wp-json\/wp\/v2\/media?parent=110"}],"curies":[{"name":"wp","href":"https:\/\/api.w.org\/{rel}","templated":true}]}}