{"id":118,"date":"2017-06-27T11:24:18","date_gmt":"2017-06-27T11:24:18","guid":{"rendered":"https:\/\/primaria-vaideeni.ro\/VAIDEENI\/?page_id=118"},"modified":"2021-05-04T07:07:08","modified_gmt":"2021-05-04T07:07:08","slug":"sedintep-v","status":"publish","type":"page","link":"https:\/\/primaria-vaideeni.ro\/VAIDEENI\/consiliu-local\/sedintep-v\/","title":{"rendered":"\u0218EDINTE\/P.V."},"content":{"rendered":"\n<p><strong> 2021<\/strong> <\/p>\n\n\n\n<p>\u0218edin\u021b\u0103 ordinar\u0103 din data de 31.03.2021 &#8211; <a href=\"https:\/\/primaria-vaideeni.ro\/VAIDEENI\/wp-content\/uploads\/2021\/05\/pv-31.03.2021.pdf\">Proces verbal<\/a><\/p>\n\n\n\n<p>\u0218edin\u021b\u0103 ordinar\u0103 din data de 26.02.2021 &#8211; <a href=\"https:\/\/primaria-vaideeni.ro\/VAIDEENI\/wp-content\/uploads\/2021\/04\/PV-20.02.2021.pdf\">Proces verbal<\/a><\/p>\n\n\n\n<ul class=\"wp-block-list\"><li>\u0218edin\u021b\u0103 extraordinar\u0103 cu convocare de \u00eendat\u0103 &#8211; 15.01.2021 &#8211;<a href=\"https:\/\/primaria-vaideeni.ro\/VAIDEENI\/wp-content\/uploads\/2021\/01\/pv-15.01.2021.pdf\"> Proces verbal<\/a><\/li><\/ul>\n\n\n\n<p> \u0218edin\u021b\u0103 extraordinar\u0103 cu convocare de \u00eendat\u0103 &#8211; 08.01.2021 &#8211;<a href=\"https:\/\/primaria-vaideeni.ro\/VAIDEENI\/wp-content\/uploads\/2021\/01\/pv-15.01.2021.pdf\"> Proce<\/a><a href=\"https:\/\/primaria-vaideeni.ro\/VAIDEENI\/wp-content\/uploads\/2021\/01\/pv-08.01.2021.pdf\">s verbal<\/a><\/p>\n\n\n\n<p><strong>2020<\/strong><\/p>\n\n\n\n<p>\u0218edint\u0103 ordinar\u0103 din data de 21.12.2020 &#8211; <a href=\"https:\/\/primaria-vaideeni.ro\/VAIDEENI\/wp-content\/uploads\/2020\/12\/pv.pdf\">Proces verbal<\/a><br><\/p>\n\n\n\n<p>\u0218edin\u021b\u0103 extraordinar\u0103 din data de 30.12.2020 &#8211; <a href=\"https:\/\/primaria-vaideeni.ro\/VAIDEENI\/wp-content\/uploads\/2020\/12\/Proces-verbal-31.12.2020.pdf\">Proces verbal<\/a><\/p>\n\n\n<p><strong>2018<\/strong><\/p>\n<p>\u0218edin\u021b\u0103 ordinar\u0103 din data&nbsp; de&nbsp; 9 ianuarie 2018 &#8211; <a href=\"https:\/\/primaria-vaideeni.ro\/VAIDEENI\/wp-content\/uploads\/2018\/03\/pv9-ianuarie-2018.pdf\">Proces verbal<\/a><\/p>\n<p>\u0218edin\u021b\u0103 ordinar\u0103 din data&nbsp; de&nbsp; 31 ianuarie 2018 &#8211; <a href=\"https:\/\/primaria-vaideeni.ro\/VAIDEENI\/wp-content\/uploads\/2018\/03\/pv31-ianuarie-2018.pdf\">Proces verbal<\/a><\/p>\n<p><\/p>\n<hr>\n<hr>\n<p>2017<\/p>\n<p>\u0218edin\u021b\u0103 ordinar\u0103 din data de 10 ianuarie 2017 &#8211; <a href=\"https:\/\/primaria-vaideeni.ro\/VAIDEENI\/wp-content\/uploads\/2018\/03\/pv-10-ian-2017.pdf\">Proces verbal<\/a><\/p>\n<p>\u0218edin\u021b\u0103 extraordinar\u0103 din data de 18 ianuarie 2017 &#8211; <a href=\"https:\/\/primaria-vaideeni.ro\/VAIDEENI\/wp-content\/uploads\/2018\/03\/pv-18-ianuarie-2017.pdf\">Proces verbal<\/a><\/p>\n<p>\u0218edin\u021b\u0103 extraordinar\u0103 din 14 februarie 2017 &#8211; <a href=\"https:\/\/primaria-vaideeni.ro\/VAIDEENI\/wp-content\/uploads\/2018\/03\/pv14-februarie-2017.pdf\">Proces verbal<\/a><\/p>\n<p>\u0218edin\u021b\u0103 extraordinar\u0103 din 7 martie 2017 &#8211; <a href=\"https:\/\/primaria-vaideeni.ro\/VAIDEENI\/wp-content\/uploads\/2018\/03\/pv-7-martie-2017.pdf\">Proces verbal<\/a><\/p>\n<p>\u0218edin\u021b\u0103 ordinar\u0103 din data 27 martie 2017 &#8211; <a href=\"https:\/\/primaria-vaideeni.ro\/VAIDEENI\/wp-content\/uploads\/2018\/03\/pv-27-martie-2017.pdf\">Proces verbal<\/a><\/p>\n<p>\u0218edin\u021b\u0103 extraordinar\u0103 din data de 3 aprilie 2017 &#8211; <a href=\"https:\/\/primaria-vaideeni.ro\/VAIDEENI\/wp-content\/uploads\/2018\/03\/pv-3-aprilie-2017.pdf\">Proces verbal<\/a><\/p>\n<p>\u0218edin\u021b\u0103 ordinar\u0103 din data de 14 aprilie 2017 &#8211; <a href=\"https:\/\/primaria-vaideeni.ro\/VAIDEENI\/wp-content\/uploads\/2018\/03\/pv-14-aprilie-2017.pdf\">Proces verbal<\/a><\/p>\n<p>\u0218edin\u021b\u0103 ordinar\u0103 din data de 31 mai 2017 &#8211; <a href=\"https:\/\/primaria-vaideeni.ro\/VAIDEENI\/wp-content\/uploads\/2018\/03\/pv-31-mai-2017.pdf\">Proces verbal&nbsp;<\/a><\/p>\n<p>\u0218edin\u021b\u0103 extraordinar\u0103 din data de 21 iunie 2017 &#8211; <a href=\"https:\/\/primaria-vaideeni.ro\/VAIDEENI\/wp-content\/uploads\/2018\/03\/pv-21-iunie-2017.pdf\">Proces verbal<\/a><\/p>\n<p>\u0218edin\u021b\u0103 ordinar\u0103 din data de 26 iunie 2017 &#8211; <a href=\"https:\/\/primaria-vaideeni.ro\/VAIDEENI\/wp-content\/uploads\/2018\/03\/pv-26-iunie-2017.pdf\">Proces verbal<\/a><\/p>\n<p>\u0218edin\u021b\u0103 ordinar\u0103 din data de 31 iulie 2017 &#8211; <a href=\"https:\/\/primaria-vaideeni.ro\/VAIDEENI\/wp-content\/uploads\/2018\/03\/pv-31-iulie-2017.pdf\">Proces verbal<\/a><\/p>\n<p>\u0218edin\u021b\u0103 ordinar\u0103 din data de 21 august 2017 &#8211; <a href=\"https:\/\/primaria-vaideeni.ro\/VAIDEENI\/wp-content\/uploads\/2018\/03\/pv-21-august-2017.pdf\">Proces verbal<\/a><\/p>\n<p>\u0218edin\u021b\u0103 ordinar\u0103 din data de 29 septembrie 2017- <a href=\"https:\/\/primaria-vaideeni.ro\/VAIDEENI\/wp-content\/uploads\/2018\/03\/pv-29-septembrie-2017.pdf\">Proces verbal<\/a><\/p>\n<p>\u0218edin\u021b\u0103 extraordinar\u0103 din data de 6 octombrie 2017- <a href=\"https:\/\/primaria-vaideeni.ro\/VAIDEENI\/wp-content\/uploads\/2018\/03\/pv6octombrie-2017.pdf\">Proces verbal<\/a><\/p>\n<p>\u0218edin\u021b\u0103 ordinar\u0103 din data de 31 octombrie 2017 &#8211; <a href=\"https:\/\/primaria-vaideeni.ro\/VAIDEENI\/wp-content\/uploads\/2018\/03\/pv31-octombrie-2017.pdf\">Proces verbal<\/a><\/p>\n<p>\u0218edin\u021b\u0103 extraordinar\u0103&nbsp; din data de 16 noiembrie 2017 &#8211;<a href=\"https:\/\/primaria-vaideeni.ro\/VAIDEENI\/wp-content\/uploads\/2018\/03\/pv16-noiembrie-2017.pdf\">Proces verbal<\/a><\/p>\n<p>\u0218edin\u021b\u0103 ordinar\u0103 din data de 29 noiembrie 2017 <a href=\"https:\/\/primaria-vaideeni.ro\/VAIDEENI\/wp-content\/uploads\/2018\/03\/pv29-noiembrie-2017.pdf\">&#8211; Proces verbal<\/a><\/p>\n<p>\u0218edin\u021b\u0103 extraordinar\u0103 din data de 8 decembrie 2017 &#8211; <a href=\"https:\/\/primaria-vaideeni.ro\/VAIDEENI\/wp-content\/uploads\/2018\/03\/pv8-decembrie-2017.pdf\">Proces verbal<\/a><\/p>\n<p>\u0218edni\u021b\u0103 ordinar\u0103 din data de 29 decembrie 2017 &#8211; <a href=\"https:\/\/primaria-vaideeni.ro\/VAIDEENI\/wp-content\/uploads\/2018\/03\/pv29-decembrie-2017.pdf\">Proces verbal<\/a><\/p>\n<p><\/p>\n<hr>\n<hr>\n<hr>\n<hr>\n<p><strong>2016<\/strong><\/p>\n<p>Sedinta &nbsp;ordinara din data de 5 februarie 2016 &#8211;<a href=\"http:\/\/www.primaria-vaideeni.ro\/vaideeni\/sites\/default\/files\/pv5febr.pdf\">&nbsp;Proces verbal&nbsp;<\/a><\/p>\n<p>Sedinta &nbsp;extraordinara din data de 19 februarie 2016 &#8211;<a href=\"http:\/\/www.primaria-vaideeni.ro\/vaideeni\/sites\/default\/files\/pv19febr.pdf\">&nbsp;Proces verbal&nbsp;<\/a><\/p>\n<p>Sedinta &nbsp;extraordinara din data de 29 februarie 2016 &#8211;<a href=\"http:\/\/www.primaria-vaideeni.ro\/vaideeni\/sites\/default\/files\/pv29febr.pdf\">&nbsp;Proces verbal&nbsp;<\/a><\/p>\n<p>Sedinta &nbsp;ordinara din data de 30 martie 2016 &#8211;<a href=\"http:\/\/www.primaria-vaideeni.ro\/vaideeni\/sites\/default\/files\/pv30mart.pdf\">&nbsp;Proces verbal&nbsp;<\/a><\/p>\n<p>Sedinta &nbsp;ordinara din data de 29 aprilie 2016 &#8211;<a href=\"http:\/\/www.primaria-vaideeni.ro\/vaideeni\/sites\/default\/files\/pv29april.pdf\">&nbsp;Proces verbal&nbsp;<\/a><\/p>\n<p>Sedinta &nbsp;ordinara din data de 12 mai 2016 &#8211;<a href=\"http:\/\/www.primaria-vaideeni.ro\/vaideeni\/sites\/default\/files\/pv12mail.pdf\">&nbsp;Proces verbal&nbsp;<\/a><\/p>\n<p>Sedinta &nbsp;de constituire Consiliu Local din data de 24 iunie 2016 &#8211;<a href=\"http:\/\/www.primaria-vaideeni.ro\/vaideeni\/sites\/default\/files\/pv24iunie.pdf\">&nbsp;Proces verbal&nbsp;<\/a><\/p>\n<p>Sedinta &nbsp;ordinara din data de 28 iunie 2016 &#8211;<a href=\"http:\/\/www.primaria-vaideeni.ro\/vaideeni\/sites\/default\/files\/pv28iunie.pdf\">&nbsp;Proces verbal&nbsp;<\/a><\/p>\n<p>Sedinta &nbsp;ordinara din data de 18 iulie 2016 &#8211;<a href=\"http:\/\/www.primaria-vaideeni.ro\/vaideeni\/sites\/default\/files\/pv18iulie.pdf\">&nbsp;Proces verbal&nbsp;<\/a><\/p>\n<p>Sedinta &nbsp;ordinara din data de 12 august 2016 &#8211;<a href=\"http:\/\/www.primaria-vaideeni.ro\/vaideeni\/sites\/default\/files\/pv12august.pdf\">&nbsp;Proces verbal&nbsp;<\/a><\/p>\n<p>Sedinta &nbsp;ordinara din data de 13 septembrie 2016 &#8211;<a href=\"http:\/\/www.primaria-vaideeni.ro\/vaideeni\/sites\/default\/files\/pv13sept.pdf\">&nbsp;Proces verbal&nbsp;<\/a><\/p>\n<p>Sedinta &nbsp;ordinara din data de 26 octombrie 2016 &#8211;<a href=\"http:\/\/www.primaria-vaideeni.ro\/vaideeni\/sites\/default\/files\/pv26oct.pdf\">&nbsp;Proces verbal&nbsp;<\/a><\/p>\n<p>Sedinta &nbsp;ordinara din data de 23 noiembrie 2016 &#8211;<a href=\"http:\/\/www.primaria-vaideeni.ro\/vaideeni\/sites\/default\/files\/pv23noiembr.pdf\">&nbsp;Proces verbal&nbsp;<\/a><\/p>\n<p>Sedinta &nbsp;ordinara din data de 13 decembrie 2016 &#8211;<a href=\"http:\/\/www.primaria-vaideeni.ro\/vaideeni\/sites\/default\/files\/pv13dec.pdf\">&nbsp;Proces verbal&nbsp;<\/a><\/p>\n<p>Sedinta &nbsp;extraordinara din data de 27 decembrie 2016 &#8211;<a href=\"http:\/\/www.primaria-vaideeni.ro\/vaideeni\/sites\/default\/files\/pv27dec.pdf\">&nbsp;Proces verbal&nbsp;<\/a><\/p>\n<hr>\n<p>Sedinta &nbsp;ordinara din data de 29 mai 2015 &#8211; <a href=\"http:\/\/www.primaria-vaideeni.ro\/vaideeni\/sites\/default\/files\/pv%2029.05.pdf\">Proces verba<\/a>l<\/p>\n<p>Sedinta &nbsp;ordinara din data de 29 iunie 2015 &#8211; <a href=\"http:\/\/www.primaria-vaideeni.ro\/vaideeni\/sites\/default\/files\/pv29.06.pdf\">Proces verbal<\/a><\/p>\n<p>Sedinta extraordinara din data de 16 iulie 2015 &#8211;<a href=\"http:\/\/www.primaria-vaideeni.ro\/vaideeni\/sites\/default\/files\/pvhcl16072015.pdf\"> Proces verbal&nbsp;<\/a><\/p>\n<p>Sedinta &nbsp;ordinara din data de 20 august 2015 &#8211;<a href=\"http:\/\/www.primaria-vaideeni.ro\/vaideeni\/sites\/default\/files\/pvhcl20082015.pdf\">&nbsp;Proces verbal&nbsp;<\/a><\/p>","protected":false},"excerpt":{"rendered":"<p>2021 \u0218edin\u021b\u0103 ordinar\u0103 din data de 31.03.2021 &#8211; Proces verbal \u0218edin\u021b\u0103 ordinar\u0103 din data de 26.02.2021 &#8211; Proces verbal \u0218edin\u021b\u0103 extraordinar\u0103 cu convocare de \u00eendat\u0103 &#8211; 15.01.2021 &#8211; Proces verbal \u0218edin\u021b\u0103 extraordinar\u0103 cu convocare de \u00eendat\u0103 &#8211; 08.01.2021 &#8211; Proces verbal 2020 \u0218edint\u0103 ordinar\u0103 din data de 21.12.2020 &#8211; Proces verbal \u0218edin\u021b\u0103 extraordinar\u0103 din data &hellip; <\/p>\n<p class=\"link-more\"><a href=\"https:\/\/primaria-vaideeni.ro\/VAIDEENI\/consiliu-local\/sedintep-v\/\" class=\"more-link\">Continue reading<span class=\"screen-reader-text\"> &#8220;\u0218EDINTE\/P.V.&#8221;<\/span><\/a><\/p>\n","protected":false},"author":1,"featured_media":0,"parent":22,"menu_order":0,"comment_status":"closed","ping_status":"closed","template":"","meta":{"footnotes":""},"class_list":["post-118","page","type-page","status-publish","hentry"],"_links":{"self":[{"href":"https:\/\/primaria-vaideeni.ro\/VAIDEENI\/wp-json\/wp\/v2\/pages\/118","targetHints":{"allow":["GET"]}}],"collection":[{"href":"https:\/\/primaria-vaideeni.ro\/VAIDEENI\/wp-json\/wp\/v2\/pages"}],"about":[{"href":"https:\/\/primaria-vaideeni.ro\/VAIDEENI\/wp-json\/wp\/v2\/types\/page"}],"author":[{"embeddable":true,"href":"https:\/\/primaria-vaideeni.ro\/VAIDEENI\/wp-json\/wp\/v2\/users\/1"}],"replies":[{"embeddable":true,"href":"https:\/\/primaria-vaideeni.ro\/VAIDEENI\/wp-json\/wp\/v2\/comments?post=118"}],"version-history":[{"count":12,"href":"https:\/\/primaria-vaideeni.ro\/VAIDEENI\/wp-json\/wp\/v2\/pages\/118\/revisions"}],"predecessor-version":[{"id":2572,"href":"https:\/\/primaria-vaideeni.ro\/VAIDEENI\/wp-json\/wp\/v2\/pages\/118\/revisions\/2572"}],"up":[{"embeddable":true,"href":"https:\/\/primaria-vaideeni.ro\/VAIDEENI\/wp-json\/wp\/v2\/pages\/22"}],"wp:attachment":[{"href":"https:\/\/primaria-vaideeni.ro\/VAIDEENI\/wp-json\/wp\/v2\/media?parent=118"}],"curies":[{"name":"wp","href":"https:\/\/api.w.org\/{rel}","templated":true}]}}