{"id":122,"date":"2017-06-27T11:25:25","date_gmt":"2017-06-27T11:25:25","guid":{"rendered":"https:\/\/primaria-vaideeni.ro\/VAIDEENI\/?page_id=122"},"modified":"2024-01-03T11:20:14","modified_gmt":"2024-01-03T11:20:14","slug":"agricol","status":"publish","type":"page","link":"https:\/\/primaria-vaideeni.ro\/VAIDEENI\/birouri\/agricol\/","title":{"rendered":"AGRICOL"},"content":{"rendered":"\n<p class=\"has-text-align-center\"><strong>COMPARTIMENT AGRICOL<\/strong><\/p>\n\n\n\n<p><a href=\"https:\/\/primaria-vaideeni.ro\/VAIDEENI\/wp-content\/uploads\/2024\/01\/Anunt-inscriere-RA.pdf\"><strong>Anun\u021b declarare date pentru \u00eenscrierea \u00een registrul agric<\/strong><\/a><a href=\"https:\/\/primaria-vaideeni.ro\/VAIDEENI\/wp-content\/uploads\/2023\/02\/Anunt-inscriere-RA.pdf\"><strong>ol<\/strong><\/a><\/p>\n\n\n<div class=\"region region-content\">\n<div id=\"block-system-main\" class=\"block block-system\">\n<div class=\"content\">\n<div id=\"node-70\" class=\"node node-pagina node-full clearfix\">\n<div class=\"content clearfix\">\n<div class=\"field field-name-body field-type-text-with-summary field-label-hidden\">\n<div class=\"field-items\">\n<div class=\"field-item even\">\n<h2>Date de contact:<\/h2>\n<p class=\"rteindent1\">Adresa: Prim\u0103ria comunei Vaideeni, str. Principal\u0103, nr. 164, sat Vaideeni, comuna Vaideeni, jude\u021bul V\u00e2lcea<\/p>\n<p class=\"rteindent1\">Telefon: 0250865009<\/p>\n<p class=\"rteindent1\">Fax: 0250865001<\/p>\n<p class=\"rteindent1\">E-mail: vaideeni@vl.e-adm.ro \/ primaria.vaideeni@yahoo.com<\/p>\n<h2>Atributii:<\/h2>\n<ul>\n<li>Participa la aplicarea Legilor fondului funciar: 18\/1991, 169\/1997 si 1\/2000;<\/li>\n<li>Participa la aplicarea Legii 44\/1994 privind veteranii de razboi;<\/li>\n<li>Intocmeste note de constatare la solicitarea cetatenilor privind pagubele sau litigiile cu alti cetateni;<\/li>\n<li>Raspunde de punerea in aplicare a deciziilor D.G.A.I.A. Valcea;<\/li>\n<li>Indeplineste si alte sarcini solicitate prin acte normative;<\/li>\n<li>Organizeaza, intocmeste si tine evidenta Registrului Agricol;<\/li>\n<li>Intocmeste si raspunde de eliberarea adeverintelor pe baza registrului agricol in conditiile legii;<\/li>\n<li>Asigura operarea inregistrarilor in registrul agricol, efectuarea mentiunilor de modificari in baza documentelor care atesta proprietatea;<\/li>\n<li>Intocmeste dari de seama statistice si le trimite la Directia Agricola, Directia de Statistica, Oficiul de Cadastru privind evidenta terenurilor agricole, situatia acestora pe categorii de folosinta, a animalelor si productiile realizate pe culturi agricole, produse agricole;<\/li>\n<li>Raspunde de eliberarea certificatelor de productie, bilete de proprietate a animalelor si inregistreaza miscarea efectivelor de animale in conditiile legii;<\/li>\n<li>Inmaneaza titlurile de proprietate, inregistrandu-le in registrul special de evidenta si urmareste achitarea taxei de eliberare;<\/li>\n<li>Efectueaza operatiunile in registrul agricol pe baza titlurilor de proprietate;<\/li>\n<li>Indeplineste atributiile responsabilului de arhiva in conditiile cu Legea nr. 16\/1996;<\/li>\n<li>Elibereaza la cerere adeverinte si copii de pe documentele din arhiva;<\/li>\n<li>Indeplineste alte sarcini stabilite prin dispozitiile primarului, viceprimarului, secretarului si hotararile Consiliului Local;<\/li>\n<li>Desfasoara activitatea impusa de legile Fondului Funciar privitor la dispozitia comisiei locale documentele din arhiva primariei si registrele agricole;<\/li>\n<li>Pune la dispozitia biroului impozite si taxe datele din registrele agricole privind calcularea impozitelor si taxelor la gospodariile populatiei si unitatile cu personalitate juridical;<\/li>\n<\/ul>\n<p>Activitatea compartimentului agricol este reglementat de urmatoarele acte normative:<\/p>\n<p>&#8211;<a href=\"http:\/\/www.primaria-vaideeni.ro\/vaideeni\/sites\/default\/files\/hotarare-registrul-agricol-2015-2019%20%281%29.pdf\"> HG 218\/09.04.2015<\/a><\/p>\n<p>&#8211; <a href=\"http:\/\/www.primaria-vaideeni.ro\/vaideeni\/sites\/default\/files\/OMFP_1003_2015.pdf\">OMFP 734\/480\/1003\/3727\/2015<\/a>&#8211; din 29 aprilie 2015\u00a0privind aprobarea Normelor tehnice de completare a registrului agricol\u00a0pentru perioada 2015 &#8211; 2019<\/p>\n<p>&#8211; O R D I N \u00a0pentru aprobarea Normelor tehnice de completare a registrului agricol pentru perioada 2015-2019<\/p>\n<hr \/>\n<p class=\"rtecenter\"><strong>LISTA structurilor asociative<\/strong><\/p>\n<p class=\"rtecenter\">prevazute la art.6. din Legea nr.145\/2014 pentru stabilirea unor masuri de reglementare a pietei produselor din sectorul agricol<\/p>\n<ul>\n<li>Asociatia Crescatorilor de albine din Romania- Filiala Judeteana Valcea; sediul in munic.Rm Valcea, str.General Magheru, nr.1, Bl.V1, ap.P, CIF 26990823;<\/li>\n<li>Asociatia crescatorilor de bovine Codruta cu sediul in com.Vaideeni, judetul Valcea, CIF 13997552, reprezentata de Anica Dumitru<\/li>\n<li>Asociatia crescatorilor de ovine \u201ePadina Nedeiului\u201d cu sediul in com.Vaideeni, jud.Valcea, CIF 30060314, reprezentata de Jinaru Adam<\/li>\n<li>Asociatia Judeteana a Cultivatorilor de Capsuni, Arbusti si Pomi Fructiferi Valcea, cu sediul in Vaideeni, judetul Valcea , CIF 16857200, reprezentanta de Patrut Sorinel<\/li>\n<li>Asociatia agricola \u201eTara Lovistei\u201d localitatea Titesti, CIF 342882278. Persoane nominalizate Dinica Minodora si Anica Dumitru;<\/li>\n<li>\u201eAsociatia Tinerilor Fermieri Mosneni\u201d cu sediul in satul Izvoru Rece, com.Vaideeni, judetul Valcea, CIF 34312481. Persoana nominalizata: Deaconescu Claudiu, tel.0740 384382 si 0764 838355<\/li>\n<\/ul>\n<\/div>\n<\/div>\n<\/div>\n<\/div>\n<\/div>\n<\/div>\n<\/div>\n<\/div>\n\n\n<p><\/p>\n\n\n\n<p><\/p>\n\n\n\n<p><a href=\"https:\/\/primaria-vaideeni.ro\/VAIDEENI\/wp-content\/uploads\/2020\/05\/AMENAJAMENT-VAIDEENI-BUN-predat.pdf\">Amenajamentul pastoral al comunei Vaideeni cu valabilitate de 10 ani<\/a><\/p>\n","protected":false},"excerpt":{"rendered":"<p>COMPARTIMENT AGRICOL Anun\u021b declarare date pentru \u00eenscrierea \u00een registrul agricol Date de contact: Adresa: Prim\u0103ria comunei Vaideeni, str. Principal\u0103, nr. 164, sat Vaideeni, comuna Vaideeni, jude\u021bul V\u00e2lcea Telefon: 0250865009 Fax: 0250865001 E-mail: vaideeni@vl.e-adm.ro \/ primaria.vaideeni@yahoo.com Atributii: Participa la aplicarea Legilor fondului funciar: 18\/1991, 169\/1997 si 1\/2000; Participa la aplicarea Legii 44\/1994 privind veteranii de razboi; &hellip; <\/p>\n<p class=\"link-more\"><a href=\"https:\/\/primaria-vaideeni.ro\/VAIDEENI\/birouri\/agricol\/\" class=\"more-link\">Continue reading<span class=\"screen-reader-text\"> &#8220;AGRICOL&#8221;<\/span><\/a><\/p>\n","protected":false},"author":1,"featured_media":0,"parent":25,"menu_order":0,"comment_status":"closed","ping_status":"closed","template":"","meta":{"footnotes":""},"class_list":["post-122","page","type-page","status-publish","hentry"],"_links":{"self":[{"href":"https:\/\/primaria-vaideeni.ro\/VAIDEENI\/wp-json\/wp\/v2\/pages\/122","targetHints":{"allow":["GET"]}}],"collection":[{"href":"https:\/\/primaria-vaideeni.ro\/VAIDEENI\/wp-json\/wp\/v2\/pages"}],"about":[{"href":"https:\/\/primaria-vaideeni.ro\/VAIDEENI\/wp-json\/wp\/v2\/types\/page"}],"author":[{"embeddable":true,"href":"https:\/\/primaria-vaideeni.ro\/VAIDEENI\/wp-json\/wp\/v2\/users\/1"}],"replies":[{"embeddable":true,"href":"https:\/\/primaria-vaideeni.ro\/VAIDEENI\/wp-json\/wp\/v2\/comments?post=122"}],"version-history":[{"count":21,"href":"https:\/\/primaria-vaideeni.ro\/VAIDEENI\/wp-json\/wp\/v2\/pages\/122\/revisions"}],"predecessor-version":[{"id":3481,"href":"https:\/\/primaria-vaideeni.ro\/VAIDEENI\/wp-json\/wp\/v2\/pages\/122\/revisions\/3481"}],"up":[{"embeddable":true,"href":"https:\/\/primaria-vaideeni.ro\/VAIDEENI\/wp-json\/wp\/v2\/pages\/25"}],"wp:attachment":[{"href":"https:\/\/primaria-vaideeni.ro\/VAIDEENI\/wp-json\/wp\/v2\/media?parent=122"}],"curies":[{"name":"wp","href":"https:\/\/api.w.org\/{rel}","templated":true}]}}