{"id":187,"date":"2017-06-27T18:51:10","date_gmt":"2017-06-27T18:51:10","guid":{"rendered":"https:\/\/primaria-vaideeni.ro\/VAIDEENI\/?page_id=187"},"modified":"2025-02-14T06:45:12","modified_gmt":"2025-02-14T06:45:12","slug":"trasee-turistice","status":"publish","type":"page","link":"https:\/\/primaria-vaideeni.ro\/VAIDEENI\/comuna\/trasee-turistice\/","title":{"rendered":"TRASEE TURISTICE"},"content":{"rendered":"\n<p><a href=\"https:\/\/primaria-vaideeni.ro\/VAIDEENI\/wp-content\/uploads\/2024\/05\/harta-m-ti-capatanii-scaled.jpg\">Descarc\u0103 aici Hart\u0103 Mun\u021bii C\u0103p\u0103\u021b\u00e2nii<\/a> \u203c\ufe0f\u203c\ufe0f\u203c\ufe0f<\/p>\n\n\n<p>\u00a0\u00a0\u00a0\u00a0\u00a0\u00a0\u00a0\u00a0\u00a0\u00a0\u00a0\u00a0\u00a0\u00a0 Din comuna Vaideeni pornesc <a href=\"https:\/\/primaria-vaideeni.ro\/VAIDEENI\/wp-content\/uploads\/2025\/01\/TRASEE.pdf\">10 trasee turistice marcate<\/a> destinate drumetiilor si 2 trasee off road pentru posesorii de masini de teren, care fac legatura intre Oltenia de sub munte si Valea Lotrului<\/p>\n<p><strong>Trasee turistice &#8211; Mun\u021bii C\u0103p\u0103\u021b\u00e2nii<\/strong><\/p>\n<div id='gallery-1' class='gallery galleryid-187 gallery-columns-3 gallery-size-thumbnail'><figure class='gallery-item'>\n\t\t\t<div class='gallery-icon landscape'>\n\t\t\t\t<a href='https:\/\/primaria-vaideeni.ro\/VAIDEENI\/cruce-rosie\/'><img loading=\"lazy\" decoding=\"async\" width=\"150\" height=\"150\" src=\"https:\/\/primaria-vaideeni.ro\/VAIDEENI\/wp-content\/uploads\/2024\/05\/cruce-rosie-150x150.jpg\" class=\"attachment-thumbnail size-thumbnail\" alt=\"\" aria-describedby=\"gallery-1-3590\" srcset=\"https:\/\/primaria-vaideeni.ro\/VAIDEENI\/wp-content\/uploads\/2024\/05\/cruce-rosie-150x150.jpg 150w, https:\/\/primaria-vaideeni.ro\/VAIDEENI\/wp-content\/uploads\/2024\/05\/cruce-rosie-160x160.jpg 160w, https:\/\/primaria-vaideeni.ro\/VAIDEENI\/wp-content\/uploads\/2024\/05\/cruce-rosie-100x100.jpg 100w, https:\/\/primaria-vaideeni.ro\/VAIDEENI\/wp-content\/uploads\/2024\/05\/cruce-rosie.jpg 250w\" sizes=\"auto, 100vw\" \/><\/a>\n\t\t\t<\/div>\n\t\t\t\t<figcaption class='wp-caption-text gallery-caption' id='gallery-1-3590'>\n\t\t\t\t1.  \ud83d\udc47\ud83c\udffc\n\t\t\t\t<\/figcaption><\/figure>\n\t\t<\/div>\n\n<p><strong>\u00a0 \u00a0 \u00a0 \u00a0 \u00a0 \u00a0 \u00a0 \u00a0 \u00a0 \u00a0 \u00a0 \u00a0 1. <span style=\"color: red;\">Vaideeni \u2013 Valea Luncav\u0103\u0163ului \u2013 Podul lui Pas\u0103re \u2013 Lacul Balota \u2013 St\u00e2na Balota \u2013 Vf. C\u0103p\u0103\u0163\u00e2na <span style=\"color: #000000;\">(marcaj cruce ro\u0219ie)<\/span><\/span><\/strong><br \/>\u00a0\u00a0\u00a0\u00a0\u00a0\u00a0\u00a0\u00a0\u00a0\u00a0\u00a0\u00a0\u00a0\u00a0\u00a0\u00a0\u00a0\u00a0\u00a0\u00a0 Vaideeni (610m) \u2013 Valea Luncav\u0103\u0163ului \u2013 Podul lui Pas\u0103re (909m ) \u2013 Lacul Balota ( 1200m ) \u2013 St\u00e2na Balota (1600m) \u2013 Vf. C\u0103p\u0103\u0163\u00e2na (2097m)<br \/>Mun\u0163ii C\u0103p\u0103\u0163\u00e2nii, jude\u0163ul V\u00e2lcea<br \/>Realizeaz\u0103 leg\u0103tura \u00eentre localitatea Vaideeni \u015fi Vf. C\u0103p\u0103\u0163\u00e2nii pe unde trece poteca de culme, principal\u0103 a Mun\u0163ilor C\u0103p\u0103\u0163\u00e2nii.<br \/>Traseu cu grad mare de dificultate \u00een special \u00een por\u0163iunea final\u0103 (Lacul Balota \u2013 Vf. C\u0103p\u0103\u0163\u00e2na) (diferen\u0163a de nivel 610-2097m) recomandat vara \u015fi toamna (accesibil \u015fi iarna persoanelor antrenate pentru ture de iarn\u0103)<br \/>Nivel de echipare pentru turi\u015fti &#8211; complexitate medie<\/p>\n<p><strong>DRUMURI ALE PASTORILOR (PLAIURI CIOBNANESTI)<\/strong><br \/><img loading=\"lazy\" decoding=\"async\" class=\"alignnone size-full wp-image-3595\" src=\"https:\/\/primaria-vaideeni.ro\/VAIDEENI\/wp-content\/uploads\/2024\/05\/triunghi-rosu.png\" alt=\"\" width=\"135\" height=\"117\" \/> 2. <span class=\"x19la9d6 x1fc57z9 x6ikm8r x10wlt62 x19co3pv x1g5zs5t xfibh0p xiy17q3 x1xsqp64 x1lkfr7t xexx8yu x4uap5 x18d9i69 xkhd6sd\"><span class=\"xrtxmta x1bhl96m\">\ud83d\udc47\ud83c\udffc<\/span><\/span><\/p>\n<p><strong>\u00a0\u00a0\u00a0\u00a0\u00a0\u00a0\u00a0\u00a0\u00a0\u00a0\u00a0\u00a0\u00a0\u00a0\u00a0\u00a0\u00a0\u00a0\u00a0\u00a0\u00a0\u00a0 2.\u00a0 <span style=\"color: red;\">Vaideeni \u2013 Plaiul Fr\u0103sinet \u2013 Vf. Ursule\u0163u \u2013 Ursu St\u00e2na \u2013 Vf Ursu \u2013 Muntele Groapa M\u0103l\u0103ii \u2013 La Ezer &#8211; Curm\u0103tura Pope\u015ftilor &#8211; Valea Repedea \u2013 Ciunget <span style=\"color: #000000;\">(marcaj triunghi ro\u0219u)<\/span><\/span><\/strong><br \/>\u00a0\u00a0\u00a0\u00a0\u00a0\u00a0\u00a0\u00a0\u00a0\u00a0\u00a0\u00a0\u00a0\u00a0\u00a0\u00a0\u00a0\u00a0\u00a0\u00a0\u00a0 Vaideeni (610m) \u2013 Plaiul Fr\u0103sinet (1138m ) \u2013 Vf. Ursule\u0163u (1601m) \u2013 Ursu St\u00e2na (1720m ) \u2013 Vf Ursu (2124m) \u2013 Muntele Groapa M\u0103l\u0103ii \u2013 La Ezer (1460m) &#8211; Curm\u0103tura Pope\u015ftilor (1020m) &#8211; Valea Repedea \u2013 Ciunget (650m)<br \/>Mun\u0163ii C\u0103p\u0103\u0163\u00e2nii, jude\u0163ul V\u00e2lcea<br \/>Realizeaz\u0103 leg\u0103tura \u00eentre localitatea Vaideeni \u015fi Satul Ciunget de pe Valea Latori\u0163ei \u015fi apoi Sta\u0163iunea Voineasa<br \/>Traseu de leg\u0103tur\u0103 cu mare grad de dificultate (diferen\u0163a de nivel 610-2124m la urcare; 2124-650m la cobor\u00e2re. Este recomandat vara \u015fi toamna (accesibil \u015fi iarna persoanelor antrenate pentru ture de iarn\u0103, obligatoriu \u00een dou\u0103 etape).<br \/>Nivel de echipare de complexitate medie<br \/>Durata: 12-14 ore (se poate \u00eemp\u0103r\u0163i \u00een dou\u0103 etape dac\u0103 se parcurge pe jos cu \u00eenoptare la St\u00e2na Ursu V\u00e2rf sau la cort)<!--more--><\/p>\n<p><img loading=\"lazy\" decoding=\"async\" class=\"alignnone size-full wp-image-3594\" src=\"https:\/\/primaria-vaideeni.ro\/VAIDEENI\/wp-content\/uploads\/2024\/05\/marcaj-banda-albastra.jpg\" alt=\"\" width=\"145\" height=\"134\" \/>3. <span class=\"x19la9d6 x1fc57z9 x6ikm8r x10wlt62 x19co3pv x1g5zs5t xfibh0p xiy17q3 x1xsqp64 x1lkfr7t xexx8yu x4uap5 x18d9i69 xkhd6sd\"><span class=\"xrtxmta x1bhl96m\">\ud83d\udc47\ud83c\udffc<\/span><\/span><\/p>\n<p><strong>\u00a0\u00a0\u00a0\u00a0\u00a0\u00a0\u00a0\u00a0\u00a0\u00a0\u00a0\u00a0\u00a0\u00a0\u00a0\u00a0\u00a0\u00a0\u00a0\u00a0\u00a0\u00a0 3. <span style=\"color: red;\">Vaideeni \u2013 Valea Plaiului \u2013 F\u00e2nt\u00e2na din Plai \u2013 Muntele Marginea \u2013 Coasta Lacurilor \u2013 Sub Vf. Nedeia &#8211; \u015eaua Gropi\u0163a \u2013 Poiana T\u00e2rnovu Mic \u2013 St\u00e2na T\u00e2rnovu Mare \u2013 Ciunget <\/span><\/strong>(marcaj band\u0103 albastr\u0103)<br \/>\u00a0\u00a0\u00a0\u00a0\u00a0\u00a0\u00a0\u00a0\u00a0\u00a0\u00a0\u00a0\u00a0\u00a0\u00a0\u00a0\u00a0\u00a0\u00a0 Vaideeni (610m) \u2013 Valea Plaiului \u2013 F\u00e2nt\u00e2na din Plai (850m) \u2013 Muntele Marginea \u2013 Coasta Lacurilor((1740m) \u2013Sub Vf. Nedeia &#8211; \u015eaua Gropi\u0163a \u2013 Poiana T\u00e2rnovu Mic (1500m) \u2013 St\u00e2na T\u00e2rnovu Mare (1600m) \u2013 Ciunget (650m)<br \/>Mun\u0163ii C\u0103p\u0103\u0163\u00e2nii, jude\u0163ul V\u00e2lcea<br \/>Traseu principal, magistral, de leg\u0103tur\u0103 \u00eentre localitatea Vaideeni \u015fi satul Ciunget (Valea Latori\u0163ei \u015fi Valea Lotrului cu Sta\u0163iunea Voineasa.<br \/>Grad de dificultate mare (diferen\u0163\u0103 de nivel la urcare 610-2130m; 2130-650m la cobor\u00e2re. Se recomand\u0103 vara \u015fi toamna (accesibil \u015fi iarna drume\u0163ilor cu experien\u0163\u0103 \u00een turele de iarn\u0103, obligatoriu \u00een dou\u0103 etape)<br \/>Nivel de echipare &#8211; de complexitate medie<br \/>Durata: 13-15 ore (se poate \u00eemp\u0103r\u0163i \u00een dou\u0103 etape cu \u00eenoptare la refugiul de la Coasta Lacurilor)<\/p>\n<p><img loading=\"lazy\" decoding=\"async\" class=\"alignnone size-thumbnail wp-image-3593\" src=\"https:\/\/primaria-vaideeni.ro\/VAIDEENI\/wp-content\/uploads\/2024\/05\/CRUCE-GALBENA-150x150.png\" alt=\"\" width=\"150\" height=\"150\" srcset=\"https:\/\/primaria-vaideeni.ro\/VAIDEENI\/wp-content\/uploads\/2024\/05\/CRUCE-GALBENA-150x150.png 150w, https:\/\/primaria-vaideeni.ro\/VAIDEENI\/wp-content\/uploads\/2024\/05\/CRUCE-GALBENA-160x160.png 160w, https:\/\/primaria-vaideeni.ro\/VAIDEENI\/wp-content\/uploads\/2024\/05\/CRUCE-GALBENA-100x100.png 100w, https:\/\/primaria-vaideeni.ro\/VAIDEENI\/wp-content\/uploads\/2024\/05\/CRUCE-GALBENA.png 205w\" sizes=\"auto, (max-width: 150px) 100vw, 150px\" \/>4. <span class=\"x19la9d6 x1fc57z9 x6ikm8r x10wlt62 x19co3pv x1g5zs5t xfibh0p xiy17q3 x1xsqp64 x1lkfr7t xexx8yu x4uap5 x18d9i69 xkhd6sd\"><span class=\"xrtxmta x1bhl96m\">\ud83d\udc47\ud83c\udffc<\/span><\/span><\/p>\n<p><strong>\u00a0 \u00a0 \u00a0 \u00a0 \u00a0 \u00a0 \u00a0 \u00a0 \u00a0 \u00a0 4. <span style=\"color: red;\">Izvoru Rece \u2013 Valea Recea \u2013 Luncile Frumoase \u2013 St\u00e2na Z\u0103vidanu \u2013 Pietrele Stroie\u015ftilor \u2013 Coasta Lacurilor \u2013 Curm\u0103tura Funicelu <span style=\"color: #000000;\">(marcaj cruce galben\u0103)<\/span><\/span><\/strong><br \/>\u00a0\u00a0\u00a0\u00a0\u00a0\u00a0\u00a0\u00a0\u00a0\u00a0\u00a0\u00a0\u00a0\u00a0\u00a0\u00a0\u00a0\u00a0 Izvoru Rece (584m) \u2013 Valea Recea \u2013 Luncile Frumoase \u2013 St\u00e2na Z\u0103vidanu \u2013 Pietrele Stroie\u015ftilor \u2013 Coasta Lacurilor (1740m) \u2013Curm\u0103tura Funicelu (1840m) (racord la poteca de culme a Mun\u0163ilor C\u0103p\u0103\u0163\u00e2nii)<br \/>Mun\u0163ii C\u0103p\u0103\u0163\u00e2nii, jude\u0163ul V\u00e2lcea<br \/>Traseu de leg\u0103tur\u0103 \u00eentre localitatea Vaideeni \u015fi traseul de culme al Mun\u0163ilor C\u0103p\u0103\u0163\u00e2nii.<br \/>Grad de dificultate mare (diferen\u0163\u0103 de nivel la urcare 610-1840m; 1840-650m la cobor\u00e2re. Se recomand\u0103 vara \u015fi toamna (accesibil \u015fi iarna drume\u0163ilor cu experien\u0163\u0103 \u00een turele de iarn\u0103, obligatoriu \u00een dou\u0103 etape)<br \/>Nivel de echipare &#8211; de complexitate medie<br \/>Durata: 7-9 ore<\/p>\n<p><img loading=\"lazy\" decoding=\"async\" class=\"alignnone size-thumbnail wp-image-3592\" src=\"https:\/\/primaria-vaideeni.ro\/VAIDEENI\/wp-content\/uploads\/2024\/05\/CRUCE-ALBASTRA-150x150.webp\" alt=\"\" width=\"150\" height=\"150\" srcset=\"https:\/\/primaria-vaideeni.ro\/VAIDEENI\/wp-content\/uploads\/2024\/05\/CRUCE-ALBASTRA-150x150.webp 150w, https:\/\/primaria-vaideeni.ro\/VAIDEENI\/wp-content\/uploads\/2024\/05\/CRUCE-ALBASTRA-100x100.webp 100w\" sizes=\"auto, (max-width: 150px) 100vw, 150px\" \/>5. <span class=\"x19la9d6 x1fc57z9 x6ikm8r x10wlt62 x19co3pv x1g5zs5t xfibh0p xiy17q3 x1xsqp64 x1lkfr7t xexx8yu x4uap5 x18d9i69 xkhd6sd\"><span class=\"xrtxmta x1bhl96m\">\ud83d\udc47\ud83c\udffc<\/span><\/span><\/p>\n<p><strong>\u00a0\u00a0\u00a0\u00a0\u00a0\u00a0\u00a0\u00a0\u00a0\u00a0\u00a0\u00a0\u00a0\u00a0\u00a0\u00a0\u00a0\u00a0\u00a0 5. <span style=\"color: red;\">Cerna \u2013 Valea Cernei \u2013 Sohodol \u2013 P\u00e2r\u00e2ul Moliftului &#8211; St\u00e2na Bucium &#8211; Vf. Beleoaia \u2013 Vf. Nedeia <\/span>(marcaj Cruce albastr\u0103)<br \/>\u00a0\u00a0\u00a0\u00a0\u00a0\u00a0\u00a0\u00a0\u00a0\u00a0\u00a0\u00a0\u00a0\u00a0\u00a0\u00a0\u00a0\u00a0 Cerna (590m ) \u2013 Valea Cernei \u2013 Sohodol (Cheile Cernei) \u2013 P\u00e2r\u00e2ul Moliftului &#8211; St\u00e2na Bucium (1510m) &#8211; Vf. Beleoaia (2036m)\u2013 Vf. Nedeia (2130m)<br \/>Mun\u0163ii C\u0103p\u0103\u0163\u00e2nii, jude\u0163ul V\u00e2lcea<br \/>Traseu de leg\u0103tur\u0103 \u00eentre localitatea Cerna \u015fi Vf. Nedeia, cel mai \u00eenalt v\u00e2rf din Mun\u0163ii C\u0103p\u0103\u0163\u00e2nii<br \/>Grad de dificultate mare (diferen\u0163\u0103 de nivel la urcare 590-2130m; 2130-590m la cobor\u00e2re). Se recomand\u0103 vara \u015fi toamna (accesibil \u015fi iarna drume\u0163ilor cu experien\u0163\u0103 \u00een turele de iarn\u0103, obligatoriu \u00een dou\u0103 etape).<br \/>Nivel de echipare &#8211; de complexitate medie<br \/>Durata: 8-10 ore<\/strong><\/p>\n<p><strong>DRUMURI ALE HAIDUCILOR<\/strong><\/p>\n<p><img loading=\"lazy\" decoding=\"async\" class=\"alignnone size-thumbnail wp-image-3739\" src=\"https:\/\/primaria-vaideeni.ro\/VAIDEENI\/wp-content\/uploads\/2025\/01\/GALBEN-150x150.png\" alt=\"\" width=\"150\" height=\"150\" srcset=\"https:\/\/primaria-vaideeni.ro\/VAIDEENI\/wp-content\/uploads\/2025\/01\/GALBEN-150x150.png 150w, https:\/\/primaria-vaideeni.ro\/VAIDEENI\/wp-content\/uploads\/2025\/01\/GALBEN-100x100.png 100w\" sizes=\"auto, (max-width: 150px) 100vw, 150px\" \/>6. <span class=\"x19la9d6 x1fc57z9 x6ikm8r x10wlt62 x19co3pv x1g5zs5t xfibh0p xiy17q3 x1xsqp64 x1lkfr7t xexx8yu x4uap5 x18d9i69 xkhd6sd\"><span class=\"xrtxmta x1bhl96m\">\ud83d\udc47\ud83c\udffc<\/span><\/span><\/p>\n<p><strong><span style=\"color: red;\"><span style=\"color: #000000;\">\u00a0\u00a0\u00a0\u00a0\u00a0\u00a0\u00a0\u00a0\u00a0\u00a0\u00a0\u00a0\u00a0\u00a0\u00a0\u00a0\u00a0\u00a0\u00a0\u00a0 6.<\/span> Mari\u0163a \u2013 Valea Mari\u0163ei \u2013 Vf. St\u00e2ni\u015foara &#8211; St\u00e2na Z\u0103vidanu \u2013 Muntele Z\u0103vidanu <span style=\"color: #000000;\">(marcaj punct galben)<\/span><\/span><\/strong><br \/>\u00a0\u00a0\u00a0\u00a0\u00a0\u00a0\u00a0\u00a0\u00a0\u00a0\u00a0\u00a0\u00a0\u00a0\u00a0\u00a0\u00a0\u00a0\u00a0\u00a0\u00a0 Mari\u0163a (580m) \u2013 Valea Mari\u0163ei \u2013 Vf. St\u00e2ni\u015foara (1421m) &#8211; St\u00e2na Z\u0103vidanu \u2013 Muntele Z\u0103vidanu (1610m) &#8211; Mun\u0163ii C\u0103p\u0103\u0163\u00e2nii, jude\u0163ul V\u00e2lcea<br \/>\u00a0\u00a0\u00a0\u00a0\u00a0\u00a0\u00a0\u00a0\u00a0\u00a0\u00a0\u00a0\u00a0\u00a0\u00a0\u00a0\u00a0\u00a0 Traseu secundar dispus \u00eentre localitatea Mari\u0163a \u015fi St\u00e2na Z\u0103vidanu. Poate fi folosit ca traseu secundar de cobor\u00e2re din sectorul central a Mun\u0163ii C\u0103p\u0103\u0163\u00e2nii. \u00cen egal\u0103 m\u0103sur\u0103 poate fi traseu \u00een circuit cobor\u00e2rea realiz\u00e2ndu-se pe traseul nr. 4.<br \/>Grad de dificultate medie (diferen\u0163\u0103 de nivel la urcare 590-1610m; 1610-590m la cobor\u00e2re). Se recomand\u0103 vara \u015fi toamna (accesibil \u015fi iarna drume\u0163ilor cu experien\u0163\u0103 \u00een turele de iarn\u0103).<br \/>Durata: 5-6 ore<\/p>\n<p><img loading=\"lazy\" decoding=\"async\" class=\"alignnone size-thumbnail wp-image-3738\" src=\"https:\/\/primaria-vaideeni.ro\/VAIDEENI\/wp-content\/uploads\/2025\/01\/ALBASTRU-150x150.png\" alt=\"\" width=\"150\" height=\"150\" srcset=\"https:\/\/primaria-vaideeni.ro\/VAIDEENI\/wp-content\/uploads\/2025\/01\/ALBASTRU-150x150.png 150w, https:\/\/primaria-vaideeni.ro\/VAIDEENI\/wp-content\/uploads\/2025\/01\/ALBASTRU-100x100.png 100w\" sizes=\"auto, (max-width: 150px) 100vw, 150px\" \/>7. <span class=\"x19la9d6 x1fc57z9 x6ikm8r x10wlt62 x19co3pv x1g5zs5t xfibh0p xiy17q3 x1xsqp64 x1lkfr7t xexx8yu x4uap5 x18d9i69 xkhd6sd\"><span class=\"xrtxmta x1bhl96m\">\ud83d\udc47\ud83c\udffc<\/span><\/span><\/p>\n<p><strong><span style=\"color: red;\"><span style=\"color: #000000;\">\u00a0\u00a0\u00a0\u00a0\u00a0\u00a0\u00a0\u00a0\u00a0\u00a0\u00a0\u00a0\u00a0\u00a0\u00a0\u00a0\u00a0\u00a0\u00a0\u00a0\u00a0\u00a0\u00a0\u00a0 7.<\/span> Lacul Balota \u2013 Tribunalul Haiducilor \u2013 Culmea C\u0103p\u0103\u0163\u00e2na \u2013 P\u00e2r\u00e2ul C\u0103p\u0103\u0163\u00e2nii \u2013 Lacul Balota<span style=\"color: #000000;\"> (marcaj punct albastru) &#8211; <a href=\"https:\/\/primaria-vaideeni.ro\/VAIDEENI\/wp-content\/uploads\/2025\/01\/WhatsApp-Image-2025-01-20-at-12.17.52-1.pdf\">Descarc\u0103 aici LEGENDA &#8211; !<\/a><\/span><\/span><\/strong><br \/>\u00a0\u00a0\u00a0\u00a0\u00a0\u00a0\u00a0\u00a0\u00a0\u00a0\u00a0\u00a0\u00a0\u00a0\u00a0\u00a0\u00a0\u00a0\u00a0\u00a0\u00a0\u00a0\u00a0 Lacul Balota (1200m ) \u2013 Tribunalul Haiducilor (1549m ) \u2013 Culmea C\u0103p\u0103\u0163\u00e2na (1740m) \u2013 P\u00e2r\u00e2ul C\u0103p\u0103\u0163\u00e2nii \u2013 Lacul Balota (1200m)<br \/>Mun\u0163ii C\u0103p\u0103\u0163\u00e2nii, jude\u0163ul V\u00e2lcea<br \/>\u00a0\u00a0\u00a0\u00a0\u00a0\u00a0\u00a0\u00a0\u00a0\u00a0\u00a0 Traseu \u00een circuit realizat de turi\u015ftii care poposesc pentru mai mult timp la Lacul Balota.<br \/>Grad de dificultate mic dar cu aten\u0163ie sporit\u0103 \u00een sectorul st\u00e2ncos al Tribunalului. Cei care nu doresc s\u0103 continue traseul spre Culmea C\u0103p\u0103\u0163\u00e2nii se pot \u00eentoarce pe acela\u015fi traseu dup\u0103 ascensiunea Culmii Tribunalul.<br \/>Durata: 4-6 ore<\/p>\n<p><img loading=\"lazy\" decoding=\"async\" class=\"alignnone size-full wp-image-3582\" src=\"https:\/\/primaria-vaideeni.ro\/VAIDEENI\/wp-content\/uploads\/2024\/05\/punct-rosu.png\" alt=\"\" width=\"132\" height=\"120\" \/>8. <span class=\"x19la9d6 x1fc57z9 x6ikm8r x10wlt62 x19co3pv x1g5zs5t xfibh0p xiy17q3 x1xsqp64 x1lkfr7t xexx8yu x4uap5 x18d9i69 xkhd6sd\"><span class=\"xrtxmta x1bhl96m\">\ud83d\udc47\ud83c\udffc<\/span><\/span><\/p>\n<p><strong>\u00a0\u00a0\u00a0\u00a0\u00a0\u00a0\u00a0\u00a0\u00a0\u00a0\u00a0\u00a0\u00a0\u00a0\u00a0\u00a0\u00a0\u00a0\u00a0\u00a0 8.\u00a0 <span style=\"color: red;\">Lacul Balota \u2013 Izvoarele Luncav\u0103\u0163ului \u2013 Coasta Lacurilor \u2013 Vf. Nedeia <span style=\"color: #000000;\">(marcaj punct ro\u0219u)<\/span><\/span><\/strong><br \/>\u00a0\u00a0\u00a0\u00a0\u00a0\u00a0\u00a0\u00a0\u00a0\u00a0\u00a0\u00a0\u00a0\u00a0\u00a0\u00a0\u00a0\u00a0\u00a0 Lacul Balota (1200m)\u2013 Izvoarele Luncav\u0103\u0163ului \u2013 Coasta Lacurilor (1740m)\u2013 Vf. Nedeia (2130m) Mun\u0163ii C\u0103p\u0103\u0163\u00e2nii, jude\u0163ul V\u00e2lcea<br \/>Poate fi traseu de leg\u0103tur\u0103 \u00eentre Lacul Balota \u015fi Culmea Mun\u0163ilor C\u0103p\u0103\u0163\u00e2nii \u00een sectorul celui mai \u00eenalt v\u00e2rf, Nedeia (2130m) dar poate fi folosit \u015fi ca circuit cu parcurgerea traseului de culme \u00eentre Vf. Nedeia \u015fi Vf. Balota, cu \u00eentoarcere pe traseul nr. 1 \u00een sens invers. Grad mic spre mediu de dificultate, diferen\u0163a de nivel fiind de 930m. Se recomand\u0103 vara \u015fi toamna; nu se recomand\u0103 iarna.<br \/>Nivel de echipare de complexitate medie Durata: 4-5 ore<\/p>\n<p><strong>CIRCUITE IN JURUL LOCALITATII <\/strong><br \/><img loading=\"lazy\" decoding=\"async\" class=\"alignnone size-full wp-image-3582\" src=\"https:\/\/primaria-vaideeni.ro\/VAIDEENI\/wp-content\/uploads\/2024\/05\/punct-rosu.png\" alt=\"\" width=\"132\" height=\"120\" \/><strong> 9. <span class=\"x19la9d6 x1fc57z9 x6ikm8r x10wlt62 x19co3pv x1g5zs5t xfibh0p xiy17q3 x1xsqp64 x1lkfr7t xexx8yu x4uap5 x18d9i69 xkhd6sd\"><span class=\"xrtxmta x1bhl96m\">\ud83d\udc47\ud83c\udffc<\/span><\/span><br \/><\/strong><\/p>\n<p><strong><span style=\"color: red;\"><span style=\"color: #000000;\">\u00a0\u00a0\u00a0\u00a0\u00a0\u00a0\u00a0\u00a0\u00a0\u00a0\u00a0\u00a0\u00a0\u00a0\u00a0\u00a0\u00a0\u00a0\u00a0\u00a0\u00a0 9.<\/span> Vaideeni \u2013 Valea Seac\u0103 \u2013 Vf. Tei\u015f &#8211; Vaideeni <\/span><\/strong><br \/>Vaideeni (610m) \u2013 Valea Seac\u0103 \u2013 Vf. Tei\u015f (889m) &#8211; Vaideeni (marcaj punct ro\u0219u)<br \/>Mun\u0163ii C\u0103p\u0103\u0163\u00e2nii, jude\u0163ul V\u00e2lcea<br \/>Traseu \u00een circuit cu grad mic de dificultate (diferen\u0163a de nivel de 347m)<br \/>Se poate parcurge vara \u015fi iarna<br \/>Nu necesit\u0103 echipament special pentru deplasare<br \/>Durata: 2-3 ore<\/p>\n<p><img loading=\"lazy\" decoding=\"async\" class=\"alignnone size-thumbnail wp-image-3738\" src=\"https:\/\/primaria-vaideeni.ro\/VAIDEENI\/wp-content\/uploads\/2025\/01\/ALBASTRU-150x150.png\" alt=\"\" width=\"150\" height=\"150\" srcset=\"https:\/\/primaria-vaideeni.ro\/VAIDEENI\/wp-content\/uploads\/2025\/01\/ALBASTRU-150x150.png 150w, https:\/\/primaria-vaideeni.ro\/VAIDEENI\/wp-content\/uploads\/2025\/01\/ALBASTRU-100x100.png 100w\" sizes=\"auto, (max-width: 150px) 100vw, 150px\" \/>10. <span class=\"x19la9d6 x1fc57z9 x6ikm8r x10wlt62 x19co3pv x1g5zs5t xfibh0p xiy17q3 x1xsqp64 x1lkfr7t xexx8yu x4uap5 x18d9i69 xkhd6sd\"><span class=\"xrtxmta x1bhl96m\">\ud83d\udc47\ud83c\udffc<\/span><\/span><\/p>\n<p><strong><span style=\"color: red;\"><span style=\"color: #000000;\">\u00a0\u00a0\u00a0\u00a0\u00a0\u00a0\u00a0\u00a0\u00a0\u00a0\u00a0\u00a0\u00a0\u00a0\u00a0\u00a0\u00a0\u00a0\u00a0\u00a0\u00a0\u00a0\u00a0\u00a0 10.<\/span> Vaideeni \u2013 Br\u0103d\u0103\u0163eaua Mic\u0103 &#8211; Dealul Capela \u2013 Br\u0103d\u0103\u0163eaua Mare &#8211; Vaideeni <span style=\"color: #000000;\">(marcaj punct albastru)<\/span><\/span><\/strong><br \/>Vaideeni (610m) \u2013Br\u0103d\u0103\u0163eaua Mic\u0103 &#8211; Dealul Capela (816m) \u2013 Br\u0103d\u0103\u0163eaua Mare &#8211; Vaideeni<br \/>Mun\u0163ii C\u0103p\u0103\u0163\u00e2nii, jude\u0163ul V\u00e2lcea<br \/>Traseu \u00een circuit cu grad mic de dificultate ( diferen\u0163a de nivel de 206m)<br \/>Se poate parcurge vara \u015fi iarna<br \/>Nu necesit\u0103 echipament special pentru deplasare<br \/>Durata: 1,5 \u2013 2 ore<\/p>\n<p><strong><span style=\"color: red;\">Traseu off-road auto \/ moto &#8211; 65km<\/span><\/strong><br \/><img loading=\"lazy\" decoding=\"async\" class=\"image-thumbnail\" src=\"http:\/\/www.primaria-vaideeni.ro\/vaideeni\/?q=sites\/default\/files\/styles\/thumbnail\/public\/cercgalben.jpg&amp;itok=BO4-AywH\" alt=\"\" width=\"50\" height=\"45\" \/><img loading=\"lazy\" decoding=\"async\" class=\"image-thumbnail\" src=\"http:\/\/www.primaria-vaideeni.ro\/vaideeni\/?q=sites\/default\/files\/styles\/thumbnail\/public\/crblueline.jpg&amp;itok=uUvAJGBB\" alt=\"\" width=\"50\" height=\"48\" \/><\/p>\n<p>\u00a0\u00a0\u00a0\u00a0\u00a0\u00a0\u00a0\u00a0\u00a0\u00a0\u00a0\u00a0\u00a0\u00a0 Traseu off-road auto \/ moto &#8211; 65km in Mun\u0163ii C\u0103p\u0103\u0163\u00e2nii, jude\u0163ul V\u00e2lcea: Vaideeni (601m)\u2013 Plaiul Recii \u2013 Muntele Marginea (1525m) \u2013 Coasta Lacului (1740m)- Platoul la Nedei (2107m) (se poate continua spre Curm\u0103tura Olte\u0163ului (1815m) \u2013 Petrimanu \u2013 Ciunget (650m); total circa 65km (marcaj punct galben apoi band\u0103 albastr\u0103 p\u00e2n\u0103 sub Vf. Nedeii &#8211; vezi traseu 3).<\/p>\n<p><strong><span style=\"color: red;\">Traseu off-road auto \/ moto &#8211; 55km<\/span><\/strong><br \/><img loading=\"lazy\" decoding=\"async\" class=\"image-thumbnail\" src=\"http:\/\/www.primaria-vaideeni.ro\/vaideeni\/?q=sites\/default\/files\/styles\/thumbnail\/public\/triunghi.jpg&amp;itok=itRMqyQs\" alt=\"\" width=\"50\" height=\"40\" \/><img loading=\"lazy\" decoding=\"async\" class=\"image-thumbnail\" src=\"http:\/\/www.primaria-vaideeni.ro\/vaideeni\/?q=sites\/default\/files\/styles\/thumbnail\/public\/cercgalben.jpg&amp;itok=BO4-AywH\" alt=\"\" width=\"50\" height=\"45\" \/><\/p>\n<p>\u00a0\u00a0\u00a0\u00a0\u00a0\u00a0\u00a0\u00a0\u00a0\u00a0\u00a0\u00a0 Traseu off-road auto \/ moto &#8211; 65km in Mun\u0163ii C\u0103p\u0103\u0163\u00e2nii, jude\u0163ul V\u00e2lcea: Vaideeni (610m) \u2013Plaiul Fr\u0103sinet (1138m) \u2013 Vf. Ursule\u0163ul (1601m) \u2013 St\u00e2na Ursu \u2013 Curm\u0103tura Piatra Ro\u015fie (1908m) -Groapa M\u0103l\u0103ii \u2013 Valea Repedea (1031m) \u2013 Ciunget (650m); circa 55km (marcaj triunghi ro\u0219u &#8211; vezi traseu nr. 2 apoi punct galben).<\/p>","protected":false},"excerpt":{"rendered":"<p>Descarc\u0103 aici Hart\u0103 Mun\u021bii C\u0103p\u0103\u021b\u00e2nii \u203c\ufe0f\u203c\ufe0f\u203c\ufe0f \u00a0\u00a0\u00a0\u00a0\u00a0\u00a0\u00a0\u00a0\u00a0\u00a0\u00a0\u00a0\u00a0\u00a0 Din comuna Vaideeni pornesc 10 trasee turistice marcate destinate drumetiilor si 2 trasee off road pentru posesorii de masini de teren, care fac legatura intre Oltenia de sub munte si Valea Lotrului Trasee turistice &#8211; Mun\u021bii C\u0103p\u0103\u021b\u00e2nii \u00a0 \u00a0 \u00a0 \u00a0 \u00a0 \u00a0 \u00a0 \u00a0 \u00a0 \u00a0 \u00a0 &hellip; <\/p>\n<p class=\"link-more\"><a href=\"https:\/\/primaria-vaideeni.ro\/VAIDEENI\/comuna\/trasee-turistice\/\" class=\"more-link\">Continue reading<span class=\"screen-reader-text\"> &#8220;TRASEE TURISTICE&#8221;<\/span><\/a><\/p>\n","protected":false},"author":1,"featured_media":0,"parent":16,"menu_order":0,"comment_status":"closed","ping_status":"closed","template":"","meta":{"footnotes":""},"class_list":["post-187","page","type-page","status-publish","hentry"],"_links":{"self":[{"href":"https:\/\/primaria-vaideeni.ro\/VAIDEENI\/wp-json\/wp\/v2\/pages\/187","targetHints":{"allow":["GET"]}}],"collection":[{"href":"https:\/\/primaria-vaideeni.ro\/VAIDEENI\/wp-json\/wp\/v2\/pages"}],"about":[{"href":"https:\/\/primaria-vaideeni.ro\/VAIDEENI\/wp-json\/wp\/v2\/types\/page"}],"author":[{"embeddable":true,"href":"https:\/\/primaria-vaideeni.ro\/VAIDEENI\/wp-json\/wp\/v2\/users\/1"}],"replies":[{"embeddable":true,"href":"https:\/\/primaria-vaideeni.ro\/VAIDEENI\/wp-json\/wp\/v2\/comments?post=187"}],"version-history":[{"count":20,"href":"https:\/\/primaria-vaideeni.ro\/VAIDEENI\/wp-json\/wp\/v2\/pages\/187\/revisions"}],"predecessor-version":[{"id":3822,"href":"https:\/\/primaria-vaideeni.ro\/VAIDEENI\/wp-json\/wp\/v2\/pages\/187\/revisions\/3822"}],"up":[{"embeddable":true,"href":"https:\/\/primaria-vaideeni.ro\/VAIDEENI\/wp-json\/wp\/v2\/pages\/16"}],"wp:attachment":[{"href":"https:\/\/primaria-vaideeni.ro\/VAIDEENI\/wp-json\/wp\/v2\/media?parent=187"}],"curies":[{"name":"wp","href":"https:\/\/api.w.org\/{rel}","templated":true}]}}