{"id":191,"date":"2017-06-27T18:57:35","date_gmt":"2017-06-27T18:57:35","guid":{"rendered":"https:\/\/primaria-vaideeni.ro\/VAIDEENI\/?page_id=191"},"modified":"2025-08-11T08:06:32","modified_gmt":"2025-08-11T08:06:32","slug":"pensiuni","status":"publish","type":"page","link":"https:\/\/primaria-vaideeni.ro\/VAIDEENI\/pensiuni\/","title":{"rendered":"PENSIUNI"},"content":{"rendered":"<div align=\"justify\">\n<div>A\u0219ezat\u0103 la poalele mun\u021bilor C\u0103p\u0103\u021b\u00e2nii, oferind posibilitatea practic\u0103rii diverselor forme de turism (montan, pastoral, religios, cultural, etc.) comuna Vaideeni ofer\u0103 turi\u0219tilor posibilitatea de cazare \u00een pensiuni sau \u00een gospodariile localnicilor.<\/div>\n<\/div>\n<div>\u00a0<\/div>\n<div>\u00a0<\/div>\n<div>\u00a0<\/div>\n<div>\u00a0<\/div>\n<div align=\"justify\">\n<ol>\n<li><a href=\"http:\/\/www.moaraviselor.ro\/\">Pensiunea Moara Viselor &#8211; Vaideeni<\/a><\/li>\n<\/ol>\n<p><img loading=\"lazy\" decoding=\"async\" class=\"alignnone size-full wp-image-1225\" src=\"https:\/\/primaria-vaideeni.ro\/VAIDEENI\/wp-content\/uploads\/2019\/03\/moara-viselor.jpg\" alt=\"\" width=\"1024\" height=\"683\" srcset=\"https:\/\/primaria-vaideeni.ro\/VAIDEENI\/wp-content\/uploads\/2019\/03\/moara-viselor.jpg 1024w, https:\/\/primaria-vaideeni.ro\/VAIDEENI\/wp-content\/uploads\/2019\/03\/moara-viselor-300x200.jpg 300w, https:\/\/primaria-vaideeni.ro\/VAIDEENI\/wp-content\/uploads\/2019\/03\/moara-viselor-768x512.jpg 768w\" sizes=\"auto, (max-width: 767px) 89vw, (max-width: 1000px) 54vw, (max-width: 1071px) 543px, 580px\" \/><\/p>\n<\/div>\n<div align=\"justify\">\n<p><a href=\"http:\/\/pensiunea-cerna.ro\/\">2. Pensiunea Agroturistic\u0103 &#8211; Cerna &#8211; Vaideeni<\/a><\/p>\n<p>\u00a0<\/p>\n<\/div>\n\n\n<figure class=\"wp-block-image size-large\"><img loading=\"lazy\" decoding=\"async\" width=\"1024\" height=\"472\" src=\"https:\/\/primaria-vaideeni.ro\/VAIDEENI\/wp-content\/uploads\/2025\/08\/523310144_1134338248730784_1446969876761898588_n-1024x472.jpg\" alt=\"\" class=\"wp-image-3832\" srcset=\"https:\/\/primaria-vaideeni.ro\/VAIDEENI\/wp-content\/uploads\/2025\/08\/523310144_1134338248730784_1446969876761898588_n-1024x472.jpg 1024w, https:\/\/primaria-vaideeni.ro\/VAIDEENI\/wp-content\/uploads\/2025\/08\/523310144_1134338248730784_1446969876761898588_n-300x138.jpg 300w, https:\/\/primaria-vaideeni.ro\/VAIDEENI\/wp-content\/uploads\/2025\/08\/523310144_1134338248730784_1446969876761898588_n-768x354.jpg 768w, https:\/\/primaria-vaideeni.ro\/VAIDEENI\/wp-content\/uploads\/2025\/08\/523310144_1134338248730784_1446969876761898588_n-1536x708.jpg 1536w, https:\/\/primaria-vaideeni.ro\/VAIDEENI\/wp-content\/uploads\/2025\/08\/523310144_1134338248730784_1446969876761898588_n-2048x944.jpg 2048w, https:\/\/primaria-vaideeni.ro\/VAIDEENI\/wp-content\/uploads\/2025\/08\/523310144_1134338248730784_1446969876761898588_n-600x276.jpg 600w, https:\/\/primaria-vaideeni.ro\/VAIDEENI\/wp-content\/uploads\/2025\/08\/523310144_1134338248730784_1446969876761898588_n-280x129.jpg 280w\" sizes=\"auto, (max-width: 767px) 89vw, (max-width: 1000px) 54vw, (max-width: 1071px) 543px, 580px\" \/><\/figure>\n\n\n\n<p><a href=\"https:\/\/www.turistinfo.ro\/vaideeni\/cazare-vaideeni\/pensiunea_via__a_la___ar___cerna-c118715.html\">3. Pensiunea Via\u021ba la \u021bar\u0103 &#8211; Cerna &#8211; Vaideeni<\/a><\/p>\n\n\n<a href=\"https:\/\/primaria-vaideeni.ro\/VAIDEENI\/wp-content\/uploads\/2022\/02\/992908.pdf\" class=\"pdfemb-viewer\" style=\"width:1000px;height:800px;\" data-width=\"1000\" data-height=\"800\" data-toolbar=\"bottom\" data-toolbar-fixed=\"off\">992908<\/a>\n<p class=\"wp-block-pdfemb-pdf-embedder-viewer\"><\/p>\n\n\n\n<p><a href=\"https:\/\/www.facebook.com\/Casa-Larisa-Vaideeni-101501332403464\">4. Agropensiunea Casa Larisa Vaideeni<\/a><\/p>\n\n\n<a href=\"https:\/\/primaria-vaideeni.ro\/VAIDEENI\/wp-content\/uploads\/2022\/02\/casa-larisa-vaideeni-scaled-1.pdf\" class=\"pdfemb-viewer\" style=\"width:1000px;height:800px;\" data-width=\"1000\" data-height=\"800\" data-toolbar=\"bottom\" data-toolbar-fixed=\"off\">casa-larisa-vaideeni-scaled-1<\/a>\n<p class=\"wp-block-pdfemb-pdf-embedder-viewer\"><\/p>\n\n\n\n<p><\/p>\n","protected":false},"excerpt":{"rendered":"<p>A\u0219ezat\u0103 la poalele mun\u021bilor C\u0103p\u0103\u021b\u00e2nii, oferind posibilitatea practic\u0103rii diverselor forme de turism (montan, pastoral, religios, cultural, etc.) comuna Vaideeni ofer\u0103 turi\u0219tilor posibilitatea de cazare \u00een pensiuni sau \u00een gospodariile localnicilor. \u00a0 \u00a0 \u00a0 \u00a0 Pensiunea Moara Viselor &#8211; Vaideeni 2. Pensiunea Agroturistic\u0103 &#8211; Cerna &#8211; Vaideeni \u00a0 3. Pensiunea Via\u021ba la \u021bar\u0103 &#8211; Cerna &#8211; &hellip; <\/p>\n<p class=\"link-more\"><a href=\"https:\/\/primaria-vaideeni.ro\/VAIDEENI\/pensiuni\/\" class=\"more-link\">Continue reading<span class=\"screen-reader-text\"> &#8220;PENSIUNI&#8221;<\/span><\/a><\/p>\n","protected":false},"author":1,"featured_media":0,"parent":0,"menu_order":0,"comment_status":"closed","ping_status":"closed","template":"","meta":{"footnotes":""},"class_list":["post-191","page","type-page","status-publish","hentry"],"_links":{"self":[{"href":"https:\/\/primaria-vaideeni.ro\/VAIDEENI\/wp-json\/wp\/v2\/pages\/191","targetHints":{"allow":["GET"]}}],"collection":[{"href":"https:\/\/primaria-vaideeni.ro\/VAIDEENI\/wp-json\/wp\/v2\/pages"}],"about":[{"href":"https:\/\/primaria-vaideeni.ro\/VAIDEENI\/wp-json\/wp\/v2\/types\/page"}],"author":[{"embeddable":true,"href":"https:\/\/primaria-vaideeni.ro\/VAIDEENI\/wp-json\/wp\/v2\/users\/1"}],"replies":[{"embeddable":true,"href":"https:\/\/primaria-vaideeni.ro\/VAIDEENI\/wp-json\/wp\/v2\/comments?post=191"}],"version-history":[{"count":17,"href":"https:\/\/primaria-vaideeni.ro\/VAIDEENI\/wp-json\/wp\/v2\/pages\/191\/revisions"}],"predecessor-version":[{"id":3833,"href":"https:\/\/primaria-vaideeni.ro\/VAIDEENI\/wp-json\/wp\/v2\/pages\/191\/revisions\/3833"}],"wp:attachment":[{"href":"https:\/\/primaria-vaideeni.ro\/VAIDEENI\/wp-json\/wp\/v2\/media?parent=191"}],"curies":[{"name":"wp","href":"https:\/\/api.w.org\/{rel}","templated":true}]}}