{"id":201,"date":"2017-06-27T19:10:12","date_gmt":"2017-06-27T19:10:12","guid":{"rendered":"https:\/\/primaria-vaideeni.ro\/VAIDEENI\/?page_id=201"},"modified":"2024-07-15T11:44:59","modified_gmt":"2024-07-15T11:44:59","slug":"obiective-turistice","status":"publish","type":"page","link":"https:\/\/primaria-vaideeni.ro\/VAIDEENI\/obiective-turistice\/","title":{"rendered":"OBIECTIVE TURISTICE"},"content":{"rendered":"\n<p>  <br> Portul na\u0163ional tradi\u0163ional, pitoresc \u015fi autentic al locuitorilor, existen\u0163a unui bogat \u015fi nealterat folclor local, oral, instrumental \u015fi coregrafic, a unui artizanat bucolic, standardul ridicat, dar fundamentat pe tradi\u0163ional \u015fi bun gust, al confortului din condi\u0163iile de habitare, sunt \u015fi ele elemente de atrac\u0163ie din punct de vedere al turismului. Un rol important \u00een acela\u015fi sens, \u00eel are \u015fi faptul c\u0103, \u00een imediata apropiere \u015fi \u00een zon\u0103, \u00een condi\u0163ii u\u015for accesibile, se g\u0103sesc obiective majore al turismului na\u0163ional \u015fi zonal:<br> M\u00e2n\u0103stirile oltene, pe\u015fterile din zon\u0103 (Pe\u015ftera Liliecilor &#8211; Bistri\u0163a, Pe\u015ftera Polovragi, Pe\u015ftera Muierilor &#8211; Baia de Fier), cheile Bistri\u0163ei oltene, ale Olte\u0163ului, piramidele de \u015firoire din sedimentele cu sare de la Sl\u0103tioara, trovan\u0163ii din carierele de nisip din Coste\u015fti, ceramica de Horezu, monumente ale naturii \u015fi istorice, muzeele din zon\u0103 \u015fi din jude\u0163, etc.<br> Apropierea de numeroasele \u015fi atractivele localit\u0103\u0163i balneoclimaterice ale jude\u0163ului;<br> Govora, Ol\u0103ne\u015fti, C\u0103lim\u0103ne\u015fti, Cozia, Ocni\u0163a, constituie valen\u0163e turistice de mare importan\u0163\u0103, ce pot fi luate \u00een considera\u0163ie. \u015ei ele au fost cuantificate \u015fi au fost luate \u00een calcul de c\u0103tre factorii de decizie din Turismul Na\u0163ional, astfel \u00eenc\u00e2t, localitatea Vaideeni a fost nominalizat\u0103 \u00eentre localit\u0103\u0163ile pilot, incluse \u00een 1993 \u00een Agroturismul montan.<br> <br> &nbsp;&nbsp;&nbsp;&nbsp;&nbsp;&nbsp;&nbsp;&nbsp; Agroturismul montan.<br> \u00cen satul Vaideeni au fost \u00eenscrise \u015fi satisfac corespunz\u0103tor baremul de dotare \u015fi confort, un num\u0103r de 15 gospod\u0103rii, care au primit \u015fi pot primi oric\u00e2nd oaspe\u0163i din \u0163ar\u0103 \u015fi din afar\u0103, care prefer\u0103 acest gen de turism, cu cazare individualizat\u0103, evit\u00e2nd astfel cazarea comun\u0103 de tip caban\u0103, hotel, bloc, forme care nu rezolv\u0103 la modul optim odihna, \u015fi nu \u00eenl\u0103tur\u0103 complet stresul de aglomerare, de care sufer\u0103 numero\u015fi oameni din cei care tr\u0103iesc \u00een furnicarul ora\u015felor.<br> &nbsp;&nbsp;&nbsp;&nbsp;&nbsp;&nbsp;&nbsp;&nbsp; Pe l\u00e2ng\u0103 aceste posibilit\u0103\u0163i de cazare exist\u0103 \u015fi 4 pensiuni si agropensiuni in comuna Vaideeni.<br> Obiective turistice, din orizontul local, foarte apropiate de sat \u015fi u\u015for accesibile, sunt:<br> &#8211; Biserica de zid cu hramul &#8220;Sf\u00e2ntul Ioan Botez\u0103torul&#8221; (1878) &#8211; \u00een satul Vaideeni<br> &#8211; Biserica de lemn cu hramul &#8220;Cuvioasa Paraschiva&#8221; (1556-1557) &#8211; \u00een satul Marita, monument de arhitectur\u0103 inclus pe lista Legii 5\/2000<br> &#8211; Biserica de lemn cu hramul &#8220;Cuvioasa Paraschiva&#8221; &#8211; ctitorit\u0103 de haiducul Coman \u00een anul 1893 \u015fi renovat\u0103 \u00een anul 1932, \u00een satul Cornet<br> &#8211; Biserica de zid cu hramul &#8220;Sf\u00e2nta Maria&#8221; &#8211; \u00een satul Izvoru Rece<br> &#8211; Centrul etnografic Vaideeni &#8211; important centru etnofolcloric, legat de transhuman\u0163\u0103 \u015fi obiceiurile pastorale, renumit pentru prelucrarea artistic\u0103 a pieilor, l\u00e2nilor \u015fi confec\u0163ionarea de instrumente muzicale, port popular ciob\u0103nesc cu influen\u0163e din zona M\u0103rginimii Sibiului<br> &#8211; Arhitectura tradi\u0163ional\u0103 &#8211; case vechi cu pridvor, specifice zonei etnografice &#8220;Oltenia de sub munte&#8221; \u015fi case cu ocol, specifice M\u0103rginimii Sibiului<br> &#8211; Costum popular, \u00een dou\u0103 culori, alb \u015fi negru, asem\u0103n\u0103tor zonei M\u0103rginimii Sibiului<br> &#8211; Cus\u0103turi \u015fi \u0163es\u0103turi artistice (desagi), me\u015fte\u015fuguri cu o r\u0103sp\u00e2ndire din ce \u00een ce mai redus\u0103<br> &#8211; Confec\u0163ionare de instrumente muzicale &#8211; fluiere<br> &#8211; Prelucrarea artistic\u0103 a lemnului &#8211; obiecte de uz gospod\u0103resc: l\u0103zi, co\u015furi, furci de tors l\u00e2na, etc.<br>  &nbsp; &nbsp; &nbsp;  <\/p>\n\n\n\n<p><strong>Obiective turistice naturale:<\/strong><\/p>\n\n\n\n<p><strong>&#8211;<\/strong> Cheile Cernei&nbsp;&nbsp;&nbsp;&nbsp;&nbsp;&nbsp;&nbsp;&nbsp;&nbsp;&nbsp;&nbsp;&nbsp;&nbsp;&nbsp;&nbsp;&nbsp;&nbsp;&nbsp;&nbsp;&nbsp;&nbsp;&nbsp;&nbsp;&nbsp;&nbsp;&nbsp;&nbsp;&nbsp;&nbsp;&nbsp;&nbsp;&nbsp;&nbsp;&nbsp;&nbsp;&nbsp;&nbsp;&nbsp;&nbsp;&nbsp;&nbsp;&nbsp;&nbsp;&nbsp;&nbsp;&nbsp;&nbsp;&nbsp;&nbsp;&nbsp;&nbsp;&nbsp;&nbsp;&nbsp;&nbsp;&nbsp;&nbsp;&nbsp;&nbsp;&nbsp;&nbsp;&nbsp;&nbsp;&nbsp;&nbsp;&nbsp;&nbsp;&nbsp;&nbsp;\n&#8211; Lacul Marginea<\/p>\n\n\n\n<p>&#8211; Cheile Luncavatului (Paraul Sec)&nbsp;&nbsp;&nbsp;&nbsp;&nbsp;&nbsp;&nbsp;&nbsp;&nbsp;&nbsp;&nbsp;&nbsp;&nbsp;&nbsp;&nbsp;&nbsp;&nbsp;&nbsp;&nbsp; &nbsp;&nbsp;&nbsp;&nbsp;&nbsp;&nbsp;&nbsp;&nbsp;&nbsp;&nbsp;&nbsp;&nbsp;&nbsp;&nbsp;&nbsp;&nbsp;&nbsp;&nbsp;&nbsp;&#8211; Cascadele de pe Balota<\/p>\n\n\n\n<p>&#8211; Piatra Crucii&nbsp;&nbsp;&nbsp;&nbsp;&nbsp;&nbsp;&nbsp;&nbsp;&nbsp;&nbsp;&nbsp;&nbsp;&nbsp;&nbsp;&nbsp;&nbsp;&nbsp;&nbsp;&nbsp;&nbsp;&nbsp;&nbsp;&nbsp;&nbsp;&nbsp;&nbsp;&nbsp;&nbsp;&nbsp;&nbsp;&nbsp;&nbsp;&nbsp;&nbsp;&nbsp;&nbsp;&nbsp;&nbsp;&nbsp;&nbsp;&nbsp;&nbsp;&nbsp;&nbsp;&nbsp;&nbsp;&nbsp;&nbsp;&nbsp;&nbsp;&nbsp;&nbsp;&nbsp;&nbsp;&nbsp;&nbsp;&nbsp;&nbsp;&nbsp;&nbsp;&nbsp;&nbsp;&nbsp;&nbsp;&nbsp;&nbsp;&nbsp;&nbsp;&nbsp;&nbsp;&nbsp;\n&#8211; Moara Dracilor&nbsp; <\/p>\n\n\n\n<p>&#8211; Coltul Ursului&nbsp;&nbsp;&nbsp;&nbsp;&nbsp;&nbsp;&nbsp;&nbsp;&nbsp;&nbsp;&nbsp;&nbsp;&nbsp;&nbsp;&nbsp;&nbsp;&nbsp;&nbsp;&nbsp;&nbsp;&nbsp;&nbsp;&nbsp;&nbsp;&nbsp;&nbsp;&nbsp;&nbsp;&nbsp;&nbsp;&nbsp;&nbsp;&nbsp;&nbsp;&nbsp;&nbsp;&nbsp;&nbsp;&nbsp;&nbsp;&nbsp;&nbsp;&nbsp;&nbsp;&nbsp;&nbsp;&nbsp;&nbsp;&nbsp;&nbsp;&nbsp;&nbsp;&nbsp;&nbsp;&nbsp;&nbsp;&nbsp;&nbsp;&nbsp;&nbsp;&nbsp;&nbsp;&nbsp;&nbsp;&nbsp;&nbsp;&nbsp;&nbsp;\n&#8211; Cascada Miresii<\/p>\n\n\n\n<p>&#8211; Sorbul din Cheile Cernei&nbsp;&nbsp;&nbsp;&nbsp;&nbsp;&nbsp;&nbsp;&nbsp;&nbsp;&nbsp;&nbsp;&nbsp;&nbsp;&nbsp;&nbsp;&nbsp;&nbsp;&nbsp;&nbsp;&nbsp;&nbsp;&nbsp;&nbsp;&nbsp;&nbsp;&nbsp;&nbsp;&nbsp;&nbsp;&nbsp;&nbsp;&nbsp;&nbsp;&nbsp;&nbsp;&nbsp;&nbsp;&nbsp;&nbsp;&nbsp;&nbsp;&nbsp;&nbsp;&nbsp;&nbsp;&nbsp;&nbsp;&nbsp;&nbsp;&nbsp;&nbsp;\n&#8211; Cascada Miorita<\/p>\n\n\n\n<p>&#8211; Cascada Moara Dracilor&nbsp;&nbsp;&nbsp;&nbsp;&nbsp;&nbsp;&nbsp;&nbsp;&nbsp;&nbsp;&nbsp;&nbsp;&nbsp;&nbsp;&nbsp;&nbsp;&nbsp;&nbsp;&nbsp;&nbsp;&nbsp;&nbsp;&nbsp;&nbsp;&nbsp;&nbsp;&nbsp;&nbsp;&nbsp;&nbsp;&nbsp;&nbsp;&nbsp;&nbsp;&nbsp;&nbsp;&nbsp;&nbsp;&nbsp;&nbsp;&nbsp;&nbsp;&nbsp;&nbsp;&nbsp;&nbsp;&nbsp;&nbsp;&nbsp;&nbsp;&nbsp;&nbsp;\n&#8211; Lacul Florica<\/p>\n\n\n\n<p>&#8211; Piatra Spanzurata&nbsp;&nbsp;&nbsp;&nbsp;&nbsp;&nbsp;&nbsp;&nbsp;&nbsp;&nbsp;&nbsp;&nbsp;&nbsp;&nbsp;&nbsp;&nbsp;&nbsp;&nbsp;&nbsp;&nbsp;&nbsp;&nbsp;&nbsp;&nbsp;&nbsp;&nbsp;&nbsp;&nbsp;&nbsp;&nbsp;&nbsp;&nbsp;&nbsp;&nbsp;&nbsp;&nbsp;&nbsp;&nbsp;&nbsp;&nbsp;&nbsp;&nbsp;&nbsp;&nbsp;&nbsp;&nbsp;&nbsp;&nbsp;&nbsp;&nbsp;\n&nbsp;&nbsp;&nbsp;&nbsp;&nbsp;&nbsp;&nbsp;&nbsp;&nbsp;&nbsp;&nbsp;&nbsp;&nbsp;&#8211; Varful&nbsp; Ursu&nbsp;&nbsp; <\/p>\n\n\n\n<p>&#8211; Piatra Incalecata&nbsp;&nbsp;&nbsp;&nbsp;&nbsp;&nbsp;&nbsp;&nbsp;&nbsp;&nbsp;&nbsp;&nbsp;&nbsp;&nbsp;&nbsp;&nbsp;&nbsp;&nbsp;&nbsp;&nbsp;&nbsp;&nbsp;&nbsp;&nbsp;&nbsp;&nbsp;&nbsp;&nbsp;&nbsp;&nbsp;&nbsp;&nbsp;&nbsp;&nbsp;&nbsp;&nbsp;&nbsp;&nbsp;&nbsp;&nbsp;&nbsp;&nbsp;&nbsp;&nbsp;&nbsp;&nbsp;&nbsp;&nbsp;&nbsp;&nbsp;&nbsp;&nbsp;&nbsp;&nbsp;&nbsp;&nbsp;&nbsp;&nbsp;&nbsp;&nbsp;&nbsp;&nbsp;&nbsp;&nbsp;\n&#8211;\nLacul Balota<\/p>\n\n\n\n<p>&#8211; Piatra Caseriei&nbsp;&nbsp;&nbsp;&nbsp;&nbsp;&nbsp;&nbsp;&nbsp;&nbsp;&nbsp;&nbsp;&nbsp;&nbsp;&nbsp;&nbsp;&nbsp;&nbsp;&nbsp;&nbsp;&nbsp;&nbsp;&nbsp;&nbsp;&nbsp;&nbsp;&nbsp;&nbsp;&nbsp;&nbsp;&nbsp;&nbsp;&nbsp;&nbsp;&nbsp;&nbsp;&nbsp;&nbsp;&nbsp;&nbsp;&nbsp;&nbsp;&nbsp;&nbsp;&nbsp;&nbsp;&nbsp;&nbsp;&nbsp;&nbsp;&nbsp;&nbsp;&nbsp;&nbsp;&nbsp;&nbsp;&nbsp;&nbsp;&nbsp;&nbsp;&nbsp;&nbsp;&nbsp;&nbsp;&nbsp;&nbsp;&nbsp;&nbsp;\n&#8211;\nIzvorul cu muschi<\/p>\n\n\n\n<p>&#8211; Cascadele din Valea superioara a Luncavatului<\/p>\n\n\n\n<p>&#8211; Tribunalul haiducilor si Vazduhul<\/p>\n\n\n\n<p>&#8211; Pietrele Gauriciu<\/p>\n\n\n\n<p>&#8211; Pietrele Stroestilor<br>\n&#8211; Piatra cu Icoana<\/p>\n\n\n\n<p>&#8211; Cheisoara<\/p>\n\n\n\n<p>&#8211; Luncile Frumoase<\/p>\n\n\n\n<p>&#8211; Varful Nedeia<\/p>\n\n\n\n<p>&#8211; Varful Capatana <\/p>\n\n\n\n<p>\n\n\n\n\n\n\n\n\n\n\n\n\n\n\n\n\n\n&#8211; Cheile Cernei;<br>\n-&#8220;Piatra sp\u00e2nzurat\u0103&#8221; &#8211; monument al naturii pe Valea plopilor, sat\nIzvoru- Rece;<br>\n&#8211; Defileul R\u00e2ului Luncav\u0103\u0163;\n\n\n\n<\/p>\n\n\n\n<p>&nbsp;&nbsp;&nbsp;&nbsp;&nbsp;&nbsp;&nbsp;&nbsp;&nbsp;&nbsp;&nbsp;&nbsp;&nbsp;&nbsp;&nbsp;&nbsp;&nbsp;&nbsp;&nbsp; Trasee turistice montane \u015fi\nrefugii salvamont :&nbsp;&nbsp; <\/p>\n\n\n\n<p>\u00a0\u00a0\u00a0\u00a0\u00a0\u00a0\u00a0\u00a0\u00a0\u00a0\u00a0 Din comuna Vaideeni pornesc 10 trasee turistice marcate destinate drumetilor si 2 trasee off road pentru posesorii de masini de teren, care fac legatura intre Oltenia se sub munte si Valea Lotrului. Pe aceste trasee pot intalnii si 2 refugii salvamont dotate cu panouri fotovoltaice,  apa curenta \u0219i lemne in apropriere.<\/p>\n","protected":false},"excerpt":{"rendered":"<p>Portul na\u0163ional tradi\u0163ional, pitoresc \u015fi autentic al locuitorilor, existen\u0163a unui bogat \u015fi nealterat folclor local, oral, instrumental \u015fi coregrafic, a unui artizanat bucolic, standardul ridicat, dar fundamentat pe tradi\u0163ional \u015fi bun gust, al confortului din condi\u0163iile de habitare, sunt \u015fi ele elemente de atrac\u0163ie din punct de vedere al turismului. Un rol important \u00een acela\u015fi &hellip; <\/p>\n<p class=\"link-more\"><a href=\"https:\/\/primaria-vaideeni.ro\/VAIDEENI\/obiective-turistice\/\" class=\"more-link\">Continue reading<span class=\"screen-reader-text\"> &#8220;OBIECTIVE TURISTICE&#8221;<\/span><\/a><\/p>\n","protected":false},"author":1,"featured_media":0,"parent":0,"menu_order":0,"comment_status":"closed","ping_status":"closed","template":"","meta":{"footnotes":""},"class_list":["post-201","page","type-page","status-publish","hentry"],"_links":{"self":[{"href":"https:\/\/primaria-vaideeni.ro\/VAIDEENI\/wp-json\/wp\/v2\/pages\/201","targetHints":{"allow":["GET"]}}],"collection":[{"href":"https:\/\/primaria-vaideeni.ro\/VAIDEENI\/wp-json\/wp\/v2\/pages"}],"about":[{"href":"https:\/\/primaria-vaideeni.ro\/VAIDEENI\/wp-json\/wp\/v2\/types\/page"}],"author":[{"embeddable":true,"href":"https:\/\/primaria-vaideeni.ro\/VAIDEENI\/wp-json\/wp\/v2\/users\/1"}],"replies":[{"embeddable":true,"href":"https:\/\/primaria-vaideeni.ro\/VAIDEENI\/wp-json\/wp\/v2\/comments?post=201"}],"version-history":[{"count":6,"href":"https:\/\/primaria-vaideeni.ro\/VAIDEENI\/wp-json\/wp\/v2\/pages\/201\/revisions"}],"predecessor-version":[{"id":3649,"href":"https:\/\/primaria-vaideeni.ro\/VAIDEENI\/wp-json\/wp\/v2\/pages\/201\/revisions\/3649"}],"wp:attachment":[{"href":"https:\/\/primaria-vaideeni.ro\/VAIDEENI\/wp-json\/wp\/v2\/media?parent=201"}],"curies":[{"name":"wp","href":"https:\/\/api.w.org\/{rel}","templated":true}]}}