{"id":31,"date":"2017-06-27T07:44:00","date_gmt":"2017-06-27T07:44:00","guid":{"rendered":"https:\/\/primaria-vaideeni.ro\/VAIDEENI\/?page_id=31"},"modified":"2025-01-20T12:51:55","modified_gmt":"2025-01-20T12:51:55","slug":"contact","status":"publish","type":"page","link":"https:\/\/primaria-vaideeni.ro\/VAIDEENI\/contact\/","title":{"rendered":"CONTACT"},"content":{"rendered":"<p style=\"text-align: center;\"><strong><em>ROM\u00c2NIA<\/em><\/strong><\/p>\n<p style=\"text-align: center;\"><strong><em>JUDE\u021aUL V\u00c2LCEA<\/em><\/strong><\/p>\n<p style=\"text-align: center;\"><strong><em>PRIM\u0102RIA COMUNEI VAIDEENI<\/em><\/strong><\/p>\n<p style=\"text-align: center;\"><strong><em>Str. Principal\u0103, nr. 164, sat. Vaideeni, com. Vaideeni<\/em><\/strong><\/p>\n<p style=\"text-align: center;\"><strong><em>E-mail: <\/em><\/strong><a href=\"mailto:vaideeni@vl.e-adm.ro\"><strong><em>vaideeni@vl.e-adm.ro<\/em><\/strong><\/a> <strong><em>\/ <\/em><\/strong><a href=\"mailto:primaria.vaideeni@yahoo.com\"><strong><em>primaria.vaideeni@yahoo.com<\/em><\/strong><\/a><\/p>\n<p style=\"text-align: center;\"><strong><em>Tel\u00a0: 0250 \/ 865.009; Fax\u00a0: 0250 \/ 865.001;<\/em><\/strong><\/p>\n<p style=\"text-align: center;\"><a href=\"http:\/\/www.primaria-vaideeni.ro\"><strong><em>www.primaria-vaideeni.ro<\/em><\/strong><\/a><\/p>\n","protected":false},"excerpt":{"rendered":"<p>ROM\u00c2NIA JUDE\u021aUL V\u00c2LCEA PRIM\u0102RIA COMUNEI VAIDEENI Str. Principal\u0103, nr. 164, sat. Vaideeni, com. Vaideeni E-mail: vaideeni@vl.e-adm.ro \/ primaria.vaideeni@yahoo.com Tel\u00a0: 0250 \/ 865.009; Fax\u00a0: 0250 \/ 865.001; www.primaria-vaideeni.ro<\/p>\n","protected":false},"author":1,"featured_media":0,"parent":0,"menu_order":0,"comment_status":"closed","ping_status":"closed","template":"","meta":{"footnotes":""},"class_list":["post-31","page","type-page","status-publish","hentry"],"_links":{"self":[{"href":"https:\/\/primaria-vaideeni.ro\/VAIDEENI\/wp-json\/wp\/v2\/pages\/31","targetHints":{"allow":["GET"]}}],"collection":[{"href":"https:\/\/primaria-vaideeni.ro\/VAIDEENI\/wp-json\/wp\/v2\/pages"}],"about":[{"href":"https:\/\/primaria-vaideeni.ro\/VAIDEENI\/wp-json\/wp\/v2\/types\/page"}],"author":[{"embeddable":true,"href":"https:\/\/primaria-vaideeni.ro\/VAIDEENI\/wp-json\/wp\/v2\/users\/1"}],"replies":[{"embeddable":true,"href":"https:\/\/primaria-vaideeni.ro\/VAIDEENI\/wp-json\/wp\/v2\/comments?post=31"}],"version-history":[{"count":9,"href":"https:\/\/primaria-vaideeni.ro\/VAIDEENI\/wp-json\/wp\/v2\/pages\/31\/revisions"}],"predecessor-version":[{"id":3747,"href":"https:\/\/primaria-vaideeni.ro\/VAIDEENI\/wp-json\/wp\/v2\/pages\/31\/revisions\/3747"}],"wp:attachment":[{"href":"https:\/\/primaria-vaideeni.ro\/VAIDEENI\/wp-json\/wp\/v2\/media?parent=31"}],"curies":[{"name":"wp","href":"https:\/\/api.w.org\/{rel}","templated":true}]}}