{"id":85,"date":"2017-06-27T11:11:37","date_gmt":"2017-06-27T11:11:37","guid":{"rendered":"https:\/\/primaria-vaideeni.ro\/VAIDEENI\/?page_id=85"},"modified":"2025-07-17T07:12:34","modified_gmt":"2025-07-17T07:12:34","slug":"conducere","status":"publish","type":"page","link":"https:\/\/primaria-vaideeni.ro\/VAIDEENI\/primarie\/conducere\/","title":{"rendered":"CONDUCERE"},"content":{"rendered":"<h4 class=\"rtecenter\">PRIMAR :<\/h4>\n<h4 class=\"rtecenter\">economist B\u0102LU\u0162\u0102 ACHIM DANIEL<\/h4>\n<p><img loading=\"lazy\" decoding=\"async\" class=\"alignnone wp-image-209 \" src=\"https:\/\/primaria-vaideeni.ro\/VAIDEENI\/wp-content\/uploads\/2017\/06\/primar4-150x150.jpg\" alt=\"\" width=\"146\" height=\"146\" \/><\/p>\n<hr \/>\n<p><!--more--><\/p>\n<p><a href=\"https:\/\/primaria-vaideeni.ro\/VAIDEENI\/wp-content\/uploads\/2017\/06\/BALUTA-ACHIM-DANIEL-INTERESE-2013.pdf\">DECLARATIE DE \u00a0INTERESE &#8212;&#8211;2013<\/a><\/p>\n<p><a href=\"https:\/\/primaria-vaideeni.ro\/VAIDEENI\/wp-content\/uploads\/2017\/06\/DECLARATIE DE AVERE ----2014.pdf\">DECLARATIE DE AVERE &#8212;-2014<\/a><\/p>\n<p><a href=\"https:\/\/primaria-vaideeni.ro\/VAIDEENI\/wp-content\/uploads\/2017\/06\/BALUTA-ACHIM-DANIL-DECL-INTERESE.pdf\">\u00a0DECLARATIE DE \u00a0INTERESE&#8212;-2014<\/a><\/p>\n<p><a href=\"https:\/\/primaria-vaideeni.ro\/VAIDEENI\/wp-content\/uploads\/2017\/06\/BALUTA-ACHIM-DANIEL2015.pdf\">DECLARATIE DE INTERESE&#8212;-2015<\/a><\/p>\n<p><a href=\"http:\/\/www.primaria-vaideeni.ro\/VAIDEENI\/wp-content\/uploads\/2017\/07\/DECLARATII PRIMAR\/interese achim baluta daniel.pdf\">DECLARATIE DE INTERESE &#8212; 2017<\/a><\/p>\n<p><a href=\"http:\/\/www.primaria-vaideeni.ro\/VAIDEENI\/wp-content\/uploads\/2017\/07\/DECLARATII PRIMAR\/avere baluta achim daniel.pdf\">DECLARATIE DE AVERE &#8212; 2017<\/a><\/p>\n<p><a href=\"https:\/\/primaria-vaideeni.ro\/VAIDEENI\/wp-content\/uploads\/2018\/10\/Baluta-Achim-Daniel-avere-2018.pdf\">DECLARATIE DE AVERE &#8212; 2018<\/a><\/p>\n<p><a href=\"https:\/\/primaria-vaideeni.ro\/VAIDEENI\/wp-content\/uploads\/2018\/10\/Baluta-Achim-Daniel-interese-2018.pdf\">DECLARATIE DE INTERESE &#8212; 2018<\/a><\/p>\n<hr \/>\n<hr \/>\n<p class=\"rtecenter\" style=\"text-align: center;\">&#8211; VICEPRIMAR: \u00a0Ichim Vasile Cornel<\/p>\n<p class=\"rtecenter\" style=\"text-align: center;\">&#8211; SECRETAR GENERAL AL COMUNEI CU DELEGA\u021aIE : Marcu Ana-Maria-Gra\u021biela<\/p>\n<p class=\"rtecenter\" style=\"text-align: center;\">&#8211; CONTABIL: Cojocaru Lumini\u021ba<\/p>\n","protected":false},"excerpt":{"rendered":"<p>PRIMAR : economist B\u0102LU\u0162\u0102 ACHIM DANIEL<\/p>\n","protected":false},"author":1,"featured_media":0,"parent":19,"menu_order":0,"comment_status":"closed","ping_status":"closed","template":"","meta":{"footnotes":""},"class_list":["post-85","page","type-page","status-publish","hentry"],"_links":{"self":[{"href":"https:\/\/primaria-vaideeni.ro\/VAIDEENI\/wp-json\/wp\/v2\/pages\/85","targetHints":{"allow":["GET"]}}],"collection":[{"href":"https:\/\/primaria-vaideeni.ro\/VAIDEENI\/wp-json\/wp\/v2\/pages"}],"about":[{"href":"https:\/\/primaria-vaideeni.ro\/VAIDEENI\/wp-json\/wp\/v2\/types\/page"}],"author":[{"embeddable":true,"href":"https:\/\/primaria-vaideeni.ro\/VAIDEENI\/wp-json\/wp\/v2\/users\/1"}],"replies":[{"embeddable":true,"href":"https:\/\/primaria-vaideeni.ro\/VAIDEENI\/wp-json\/wp\/v2\/comments?post=85"}],"version-history":[{"count":17,"href":"https:\/\/primaria-vaideeni.ro\/VAIDEENI\/wp-json\/wp\/v2\/pages\/85\/revisions"}],"predecessor-version":[{"id":3812,"href":"https:\/\/primaria-vaideeni.ro\/VAIDEENI\/wp-json\/wp\/v2\/pages\/85\/revisions\/3812"}],"up":[{"embeddable":true,"href":"https:\/\/primaria-vaideeni.ro\/VAIDEENI\/wp-json\/wp\/v2\/pages\/19"}],"wp:attachment":[{"href":"https:\/\/primaria-vaideeni.ro\/VAIDEENI\/wp-json\/wp\/v2\/media?parent=85"}],"curies":[{"name":"wp","href":"https:\/\/api.w.org\/{rel}","templated":true}]}}